{"id":72,"date":"2019-09-26T09:22:32","date_gmt":"2019-09-26T09:22:32","guid":{"rendered":"https:\/\/tecwin.de\/cms-wp\/?page_id=72"},"modified":"2025-04-13T13:41:45","modified_gmt":"2025-04-13T11:41:45","slug":"kraehenwinkel-godshorn-dies-und-das","status":"publish","type":"page","link":"https:\/\/www.kreislandfrauen-hannover.de\/?page_id=72","title":{"rendered":"Kr\u00e4henwinkel-Godshorn Dies und Das"},"content":{"rendered":"<div class=\"wp-block-image\">\n<figure class=\"aligncenter\"><img loading=\"lazy\" decoding=\"async\" width=\"498\" height=\"102\" src=\"https:\/\/www.kreislandfrauen-hannover.de\/wp-content\/uploads\/2019\/09\/k-logo.png\" alt=\"\" class=\"wp-image-543\" srcset=\"https:\/\/www.kreislandfrauen-hannover.de\/wp-content\/uploads\/2019\/09\/k-logo.png 498w, https:\/\/www.kreislandfrauen-hannover.de\/wp-content\/uploads\/2019\/09\/k-logo-300x61.png 300w\" sizes=\"auto, (max-width: 498px) 100vw, 498px\" \/><\/figure>\n<\/div>\n\n\n<hr class=\"wp-block-separator has-css-opacity is-style-wide\"\/>\n\n\n\n<h2 class=\"wp-block-heading has-text-align-center\" id=\"dies-und-das-19cd7f0f-dcee-4f61-960e-24347510533f\">Dies und Das<\/h2>\n\n\n\n<p><\/p>\n\n\n\n<p><\/p>\n\n\n\n<p><\/p>\n\n\n\n<h2 class=\"wp-block-heading\" id=\"aktion-meine-hand-fur-demokratie-und-vielfalt-4edad8c9-69a9-48d2-94e0-ced59f2e5b3f\">Aktion &#8222;Meine Hand f\u00fcr Demokratie und Vielfalt&#8220; am 14. Februar 2025<\/h2>\n\n\n\n<h2 class=\"wp-block-heading\" id=\"am14-februar-2025-8b90e368-2950-47a9-84f8-cc33e97d1693\"><\/h2>\n\n\n\n<p><\/p>\n\n\n<div class=\"wp-block-image\">\n<figure class=\"aligncenter size-large\"><img decoding=\"async\" src=\"https:\/\/www.kreislandfrauen-hannover.de\/wp-content\/uploads\/2025\/04\/K-Demo-2ss25-e1744542707303.jpg\" alt=\"\"\/><figcaption class=\"wp-element-caption\">Das &#8222;B\u00fcndnis f\u00fcr gute Nachbarschaft Godshorn&#8220; rief Mitglieder, Verb\u00e4nde und Vereine sowie Schulklassen und Firmen zu einem Spaziergang mit selbst erstellten Bannern rund um die Hauptstra\u00dfe in Godshorn auf.<\/figcaption><\/figure>\n<\/div>\n\n\n<p><\/p>\n\n\n\n<hr class=\"wp-block-separator has-alpha-channel-opacity\"\/>\n\n\n\n<p><\/p>\n\n\n\n<p><\/p>\n\n\n\n<h2 class=\"wp-block-heading\" id=\"75-jahre-jung-8041812b-44fc-4f65-ab11-c98e5a3017b1\">75 Jahre &#8222;jung&#8220;- Jubil\u00e4umsfeier am 06. November 2024<\/h2>\n\n\n\n<p>Am 06. November dieses Jahres konnte der LandFrauenverein Kr\u00e4henwinkel-Godshorn sein 75. Jubil\u00e4um feiern. Anfang November 1949 gr\u00fcndeten zun\u00e4chst Frauen aus Kr\u00e4henwinkel den Verein, dem sich 1956 die Godshorner Frauen anschlossen.<\/p>\n\n\n\n<p>Zur Jubil\u00e4umsfeier im Dorfgemeinschaftshaus Kr\u00e4henwinkel fanden sich 70 Mitglieder ein. Die sch\u00f6n eingedeckten Tische gaben dem Anlass einen w\u00fcrdigen Rahmen.<\/p>\n\n\n\n<p>Da das Verbandsabzeichen der LandFrauen die Biene ist, stand als kleine Aufmerksamkeit f\u00fcr jedes Mitglied ein Honigglas bereit.<\/p>\n\n\n\n<p>&nbsp;Nachdem das Mittagessen genossen werden konnte, referierte Lars Cohrs in der bekannten humorvollen Art. &nbsp;Das Thema \u201eLandliebe \u2013 auch M\u00e4nner haben Gef\u00fchle\u201c offenbarte f\u00fcr die Anwesenden nicht nur \u201eallt\u00e4gliche\u201c Begebenheiten zwischen Mann und Frau, sondern strapazierte im positiven Sinne auch die Lachmuskeln.<\/p>\n\n\n\n<p>Auch wenn das Durchschnittsalter unseres Vereins inzwischen bei 78 Jahren liegt, scheint das Angebot mit Vortr\u00e4gen, Tagesfahrten und Besichtigungen nach wie vor aktuell zu sein. Der LandFrauenverein Kr\u00e4henwinkel-Godshorn ist inzwischen auf 117 Mitglieder angewachsen, allein im laufenden Jahr sind 11 Frauen neu eingetreten.<\/p>\n\n\n\n<figure class=\"wp-block-image size-large\"><img loading=\"lazy\" decoding=\"async\" width=\"1024\" height=\"768\" src=\"https:\/\/www.kreislandfrauen-hannover.de\/wp-content\/uploads\/2024\/11\/K-Jubilaeum-75-3-1024x768.jpg\" alt=\"\" class=\"wp-image-7493\" srcset=\"https:\/\/www.kreislandfrauen-hannover.de\/wp-content\/uploads\/2024\/11\/K-Jubilaeum-75-3-1024x768.jpg 1024w, https:\/\/www.kreislandfrauen-hannover.de\/wp-content\/uploads\/2024\/11\/K-Jubilaeum-75-3-300x225.jpg 300w, https:\/\/www.kreislandfrauen-hannover.de\/wp-content\/uploads\/2024\/11\/K-Jubilaeum-75-3-768x576.jpg 768w, https:\/\/www.kreislandfrauen-hannover.de\/wp-content\/uploads\/2024\/11\/K-Jubilaeum-75-3-1536x1152.jpg 1536w, https:\/\/www.kreislandfrauen-hannover.de\/wp-content\/uploads\/2024\/11\/K-Jubilaeum-75-3.jpg 2048w\" sizes=\"auto, (max-width: 1024px) 100vw, 1024px\" \/><\/figure>\n\n\n\n<p><\/p>\n\n\n\n<p><\/p>\n\n\n\n<figure class=\"wp-block-image size-large\"><img loading=\"lazy\" decoding=\"async\" width=\"1024\" height=\"768\" src=\"https:\/\/www.kreislandfrauen-hannover.de\/wp-content\/uploads\/2024\/11\/K-Jubilaeum-75-1-1024x768.jpg\" alt=\"\" class=\"wp-image-7491\" srcset=\"https:\/\/www.kreislandfrauen-hannover.de\/wp-content\/uploads\/2024\/11\/K-Jubilaeum-75-1-1024x768.jpg 1024w, https:\/\/www.kreislandfrauen-hannover.de\/wp-content\/uploads\/2024\/11\/K-Jubilaeum-75-1-300x225.jpg 300w, https:\/\/www.kreislandfrauen-hannover.de\/wp-content\/uploads\/2024\/11\/K-Jubilaeum-75-1-768x576.jpg 768w, https:\/\/www.kreislandfrauen-hannover.de\/wp-content\/uploads\/2024\/11\/K-Jubilaeum-75-1.jpg 1280w\" sizes=\"auto, (max-width: 1024px) 100vw, 1024px\" \/><\/figure>\n\n\n\n<p><\/p>\n\n\n\n<p><\/p>\n\n\n\n<figure class=\"wp-block-image size-large is-resized\"><img loading=\"lazy\" decoding=\"async\" width=\"768\" height=\"1024\" src=\"https:\/\/www.kreislandfrauen-hannover.de\/wp-content\/uploads\/2024\/11\/K-Jubilaeum-75-2-768x1024.jpg\" alt=\"\" class=\"wp-image-7492\" style=\"width:611px;height:auto\" srcset=\"https:\/\/www.kreislandfrauen-hannover.de\/wp-content\/uploads\/2024\/11\/K-Jubilaeum-75-2-768x1024.jpg 768w, https:\/\/www.kreislandfrauen-hannover.de\/wp-content\/uploads\/2024\/11\/K-Jubilaeum-75-2-225x300.jpg 225w, https:\/\/www.kreislandfrauen-hannover.de\/wp-content\/uploads\/2024\/11\/K-Jubilaeum-75-2.jpg 960w\" sizes=\"auto, (max-width: 768px) 100vw, 768px\" \/><\/figure>\n\n\n\n<p><\/p>\n\n\n\n<p><\/p>\n\n\n\n<hr class=\"wp-block-separator has-alpha-channel-opacity\"\/>\n\n\n\n<p><\/p>\n\n\n\n<h2 class=\"wp-block-heading\" id=\"frohliches-entenessen-am-22-november-2024-beim-tsv-godshorn-99a3b4f6-393c-4373-acf6-a53569d1d74f\">Fr\u00f6hliches Entenessen am 22. November 2024 beim TSV Godshorn<\/h2>\n\n\n\n<figure class=\"wp-block-image size-full is-resized\"><img loading=\"lazy\" decoding=\"async\" width=\"480\" height=\"640\" src=\"https:\/\/www.kreislandfrauen-hannover.de\/wp-content\/uploads\/2024\/11\/K-Entenessen-2024.jpg\" alt=\"\" class=\"wp-image-7494\" style=\"width:840px;height:auto\" srcset=\"https:\/\/www.kreislandfrauen-hannover.de\/wp-content\/uploads\/2024\/11\/K-Entenessen-2024.jpg 480w, https:\/\/www.kreislandfrauen-hannover.de\/wp-content\/uploads\/2024\/11\/K-Entenessen-2024-225x300.jpg 225w\" sizes=\"auto, (max-width: 480px) 100vw, 480px\" \/><\/figure>\n\n\n\n<p><\/p>\n\n\n\n<p><\/p>\n\n\n\n<hr class=\"wp-block-separator has-alpha-channel-opacity\"\/>\n\n\n\n<p><\/p>\n\n\n\n<p><\/p>\n\n\n\n<p>Unsere LandFrauen waren<strong> aktiv unterwegs<\/strong> und<strong> aktiv dabei.<\/strong> <br>So wurde die Sommerpause &#8211; von Mai bis Oktober &#8211; genutzt:<\/p>\n\n\n\n<p><\/p>\n\n\n\n<h2 class=\"wp-block-heading\" id=\"hinter-der-buhnebesuch-des-opernhauses-hannover-am-10-mai-2023-48cd4748-0ce8-4ef6-b93a-3a87a550911c\">Stadtf\u00fchrung L\u00fcneburg am 29. Mai 2024<\/h2>\n\n\n\n<p>Wir erlebten eine interessante Stadtf\u00fchrung durch L\u00fcneburg und eine beeindruckende Besichtigung des Rathauses.<br>F\u00fcr das leibliche Wohl sorgte das M\u00e4lzer Brau- und Tafelhaus.<\/p>\n\n\n\n<hr class=\"wp-block-separator has-alpha-channel-opacity\"\/>\n\n\n\n<h2 class=\"wp-block-heading\" id=\"fuhrung-durch-das-kloster-wienhausen-am-06-august-2024-b218d315-acda-4330-a082-bb2312281bf0\"><br><br>F\u00fchrung durch das Kloster Wienhausen am 06. August 2024<br><\/h2>\n\n\n<div class=\"wp-block-image\">\n<figure class=\"alignleft size-large is-resized\"><img decoding=\"async\" src=\"https:\/\/www.kreislandfrauen-hannover.de\/wp-content\/uploads\/2024\/09\/K-Wienhausen-1-1-rotated.jpg\" alt=\"\" style=\"width:404px;height:auto\"\/><\/figure>\n<\/div>\n\n\n<div class=\"wp-block-group\"><div class=\"wp-block-group__inner-container is-layout-constrained wp-block-group-is-layout-constrained\">\n<div class=\"wp-block-columns are-vertically-aligned-center is-layout-flex wp-container-core-columns-is-layout-9d6595d7 wp-block-columns-is-layout-flex\">\n<div class=\"wp-block-column is-vertically-aligned-center is-layout-flow wp-block-column-is-layout-flow\" style=\"flex-basis:100%\">\n<div class=\"wp-block-group is-vertical is-layout-flex wp-container-core-group-is-layout-8cf370e7 wp-block-group-is-layout-flex\">\n<figure class=\"wp-block-gallery has-nested-images columns-default is-cropped wp-block-gallery-1 is-layout-flex wp-block-gallery-is-layout-flex\">\n<figure class=\"wp-block-image size-large is-resized\"><img decoding=\"async\" src=\"https:\/\/www.kreislandfrauen-hannover.de\/wp-content\/uploads\/2024\/09\/K-Wienhausen-2-rotated.jpg\" alt=\"\" style=\"width:318px;height:auto\"\/><\/figure>\n<\/figure>\n\n\n\n<div class=\"wp-block-columns is-layout-flex wp-container-core-columns-is-layout-9d6595d7 wp-block-columns-is-layout-flex\">\n<div class=\"wp-block-column is-layout-flow wp-block-column-is-layout-flow\" style=\"flex-basis:100%\"><\/div>\n<\/div>\n<\/div>\n<\/div>\n<\/div>\n<\/div><\/div>\n\n\n\n<div class=\"wp-block-group\"><div class=\"wp-block-group__inner-container is-layout-constrained wp-block-group-is-layout-constrained\">\n<div class=\"wp-block-columns is-layout-flex wp-container-core-columns-is-layout-9d6595d7 wp-block-columns-is-layout-flex\">\n<div class=\"wp-block-column is-layout-flow wp-block-column-is-layout-flow\" style=\"flex-basis:100%\"><\/div>\n<\/div>\n<\/div><\/div>\n\n\n<div class=\"wp-block-image\">\n<figure class=\"aligncenter size-large is-resized\"><img decoding=\"async\" src=\"https:\/\/www.kreislandfrauen-hannover.de\/wp-content\/uploads\/2024\/09\/K-Wienhausen-3.png\" alt=\"\" style=\"width:834px;height:auto\"\/><\/figure>\n<\/div>\n\n\n<div class=\"wp-block-columns is-layout-flex wp-container-core-columns-is-layout-9d6595d7 wp-block-columns-is-layout-flex\">\n<div class=\"wp-block-column is-layout-flow wp-block-column-is-layout-flow\" style=\"flex-basis:100%\">\n<div class=\"wp-block-group\"><div class=\"wp-block-group__inner-container is-layout-constrained wp-block-group-is-layout-constrained\">\n<div class=\"wp-block-columns is-layout-flex wp-container-core-columns-is-layout-9d6595d7 wp-block-columns-is-layout-flex\">\n<div class=\"wp-block-column is-layout-flow wp-block-column-is-layout-flow\" style=\"flex-basis:100%\">\n<div class=\"wp-block-group\"><div class=\"wp-block-group__inner-container is-layout-constrained wp-block-group-is-layout-constrained\">\n<div class=\"wp-block-columns is-layout-flex wp-container-core-columns-is-layout-9d6595d7 wp-block-columns-is-layout-flex\">\n<div class=\"wp-block-column is-layout-flow wp-block-column-is-layout-flow\" style=\"flex-basis:100%\">\n<div class=\"wp-block-group is-nowrap is-layout-flex wp-container-core-group-is-layout-ad2f72ca wp-block-group-is-layout-flex\">\n<div class=\"wp-block-columns is-layout-flex wp-container-core-columns-is-layout-9d6595d7 wp-block-columns-is-layout-flex\">\n<div class=\"wp-block-column is-layout-flow wp-block-column-is-layout-flow\" style=\"flex-basis:100%\">\n<p class=\"has-text-align-left\"><\/p>\n\n\n\n<div class=\"wp-block-group is-content-justification-center is-nowrap is-layout-flex wp-container-core-group-is-layout-94bc23d7 wp-block-group-is-layout-flex\">\n<figure class=\"wp-block-image size-large\"><img decoding=\"async\" src=\"https:\/\/www.kreislandfrauen-hannover.de\/wp-content\/uploads\/2024\/09\/K-Wienhausen-5.png\" alt=\"\"\/><figcaption class=\"wp-element-caption\">Kaffeepause im Bauerncaf\u00e9 Ole M\u00fcllern Sch\u00fcn in M\u00fcden\/Oertzt<\/figcaption><\/figure>\n<\/div>\n<\/div>\n<\/div>\n\n\n<div class=\"wp-block-image\">\n<figure class=\"alignright size-large is-resized\"><img decoding=\"async\" src=\"https:\/\/www.kreislandfrauen-hannover.de\/wp-content\/uploads\/2024\/09\/K-Wienhausen-4.png\" alt=\"\" style=\"width:342px;height:auto\"\/><figcaption class=\"wp-element-caption\">Die Tortenst\u00fccke &#8222;riesengro\u00df und super lecker&#8220;.<\/figcaption><\/figure>\n<\/div><\/div>\n<\/div>\n<\/div>\n<\/div><\/div>\n<\/div>\n<\/div>\n<\/div><\/div>\n<\/div>\n<\/div>\n\n\n\n<p><\/p>\n\n\n\n<p><\/p>\n\n\n\n<p><\/p>\n\n\n\n<p><\/p>\n\n\n\n<p><\/p>\n\n\n\n<figure class=\"wp-block-image is-resized\"><img decoding=\"async\" src=\"https:\/\/www.kreislandfrauen-hannover.de\/wp-content\/uploads\/2024\/09\/K-Wienhausen-6.png\" alt=\"\" style=\"width:840px;height:auto\"\/><figcaption class=\"wp-element-caption\">Kurzer Stopp auf dem Heimweg und Spaziergang durch die bl\u00fchende Heide zum &#8222;L\u00f6nsstein&#8220;, M\u00fcden\/Oertze<\/figcaption><\/figure>\n\n\n\n<hr class=\"wp-block-separator has-alpha-channel-opacity\"\/>\n\n\n\n<p><\/p>\n\n\n\n<p><\/p>\n\n\n\n<p><\/p>\n\n\n\n<h2 class=\"wp-block-heading\" id=\"strassenfest-auf-der-hauptstrasse-in-godshorn-am-24-august-2024-9b9f3029-d0f2-499a-b373-d4fb7cac07f1\">Stra\u00dfenfest auf der Hauptstra\u00dfe in Godshorn am 24. August 2024<\/h2>\n\n\n\n<p><\/p>\n\n\n\n<div class=\"wp-block-columns is-layout-flex wp-container-core-columns-is-layout-9d6595d7 wp-block-columns-is-layout-flex\">\n<div class=\"wp-block-column is-layout-flow wp-block-column-is-layout-flow\" style=\"flex-basis:100%\">\n<div class=\"wp-block-group\"><div class=\"wp-block-group__inner-container is-layout-constrained wp-block-group-is-layout-constrained\"><div class=\"wp-block-image\">\n<figure class=\"alignleft size-large is-resized\"><img loading=\"lazy\" decoding=\"async\" width=\"768\" height=\"1024\" src=\"https:\/\/www.kreislandfrauen-hannover.de\/wp-content\/uploads\/2024\/09\/K-Strassenfest-2024-1-768x1024.jpg\" alt=\"\" class=\"wp-image-7330\" style=\"width:416px;height:auto\" srcset=\"https:\/\/www.kreislandfrauen-hannover.de\/wp-content\/uploads\/2024\/09\/K-Strassenfest-2024-1-768x1024.jpg 768w, https:\/\/www.kreislandfrauen-hannover.de\/wp-content\/uploads\/2024\/09\/K-Strassenfest-2024-1-225x300.jpg 225w, https:\/\/www.kreislandfrauen-hannover.de\/wp-content\/uploads\/2024\/09\/K-Strassenfest-2024-1-1152x1536.jpg 1152w, https:\/\/www.kreislandfrauen-hannover.de\/wp-content\/uploads\/2024\/09\/K-Strassenfest-2024-1-rotated.jpg 1512w\" sizes=\"auto, (max-width: 768px) 100vw, 768px\" \/><figcaption class=\"wp-element-caption\">Fischbr\u00f6tchenstand<\/figcaption><\/figure>\n<\/div><\/div><\/div>\n\n\n<div class=\"wp-block-image\">\n<figure class=\"alignright size-large is-resized\"><img loading=\"lazy\" decoding=\"async\" width=\"1024\" height=\"768\" src=\"https:\/\/www.kreislandfrauen-hannover.de\/wp-content\/uploads\/2024\/09\/K-Strassenfest-2024-2-1024x768.jpg\" alt=\"\" class=\"wp-image-7331\" style=\"width:545px;height:auto\" srcset=\"https:\/\/www.kreislandfrauen-hannover.de\/wp-content\/uploads\/2024\/09\/K-Strassenfest-2024-2-1024x768.jpg 1024w, https:\/\/www.kreislandfrauen-hannover.de\/wp-content\/uploads\/2024\/09\/K-Strassenfest-2024-2-300x225.jpg 300w, https:\/\/www.kreislandfrauen-hannover.de\/wp-content\/uploads\/2024\/09\/K-Strassenfest-2024-2-768x576.jpg 768w, https:\/\/www.kreislandfrauen-hannover.de\/wp-content\/uploads\/2024\/09\/K-Strassenfest-2024-2-1536x1152.jpg 1536w, https:\/\/www.kreislandfrauen-hannover.de\/wp-content\/uploads\/2024\/09\/K-Strassenfest-2024-2.jpg 1600w\" sizes=\"auto, (max-width: 1024px) 100vw, 1024px\" \/><\/figure>\n<\/div><\/div>\n<\/div>\n\n\n\n<div class=\"wp-block-group\"><div class=\"wp-block-group__inner-container is-layout-constrained wp-block-group-is-layout-constrained\">\n<div class=\"wp-block-columns is-layout-flex wp-container-core-columns-is-layout-9d6595d7 wp-block-columns-is-layout-flex\">\n<div class=\"wp-block-column is-layout-flow wp-block-column-is-layout-flow\" style=\"flex-basis:100%\">\n<figure class=\"wp-block-gallery has-nested-images columns-default is-cropped wp-block-gallery-2 is-layout-flex wp-block-gallery-is-layout-flex\">\n<figure class=\"wp-block-image size-large\"><img loading=\"lazy\" decoding=\"async\" width=\"461\" height=\"1024\" data-id=\"7333\" src=\"https:\/\/www.kreislandfrauen-hannover.de\/wp-content\/uploads\/2024\/09\/K-Strassenfest-2024-4-461x1024.jpg\" alt=\"\" class=\"wp-image-7333\" srcset=\"https:\/\/www.kreislandfrauen-hannover.de\/wp-content\/uploads\/2024\/09\/K-Strassenfest-2024-4-461x1024.jpg 461w, https:\/\/www.kreislandfrauen-hannover.de\/wp-content\/uploads\/2024\/09\/K-Strassenfest-2024-4-135x300.jpg 135w, https:\/\/www.kreislandfrauen-hannover.de\/wp-content\/uploads\/2024\/09\/K-Strassenfest-2024-4-691x1536.jpg 691w, https:\/\/www.kreislandfrauen-hannover.de\/wp-content\/uploads\/2024\/09\/K-Strassenfest-2024-4.jpg 720w\" sizes=\"auto, (max-width: 461px) 100vw, 461px\" \/><figcaption class=\"wp-element-caption\">&#8222;Godshorner&#8220; F\u00fcr alle, die es nicht wissen: klarer Korn, eine Scheibe Mettwurst mit scharfem Meerrettich<\/figcaption><\/figure>\n\n\n\n<figure class=\"wp-block-image size-large is-resized\"><img loading=\"lazy\" decoding=\"async\" width=\"461\" height=\"1024\" data-id=\"7332\" src=\"https:\/\/www.kreislandfrauen-hannover.de\/wp-content\/uploads\/2024\/09\/K-Strassenfest-2024-3-461x1024.jpg\" alt=\"\" class=\"wp-image-7332\" style=\"width:316px;height:auto\" srcset=\"https:\/\/www.kreislandfrauen-hannover.de\/wp-content\/uploads\/2024\/09\/K-Strassenfest-2024-3-461x1024.jpg 461w, https:\/\/www.kreislandfrauen-hannover.de\/wp-content\/uploads\/2024\/09\/K-Strassenfest-2024-3-135x300.jpg 135w, https:\/\/www.kreislandfrauen-hannover.de\/wp-content\/uploads\/2024\/09\/K-Strassenfest-2024-3-691x1536.jpg 691w, https:\/\/www.kreislandfrauen-hannover.de\/wp-content\/uploads\/2024\/09\/K-Strassenfest-2024-3.jpg 720w\" sizes=\"auto, (max-width: 461px) 100vw, 461px\" \/><\/figure>\n<\/figure>\n\n\n\n<div class=\"wp-block-group is-layout-grid wp-container-core-group-is-layout-9649a0d9 wp-block-group-is-layout-grid\"><\/div>\n<\/div>\n<\/div>\n<\/div><\/div>\n\n\n\n<hr class=\"wp-block-separator has-alpha-channel-opacity\"\/>\n\n\n\n<p><\/p>\n\n\n\n<p><\/p>\n\n\n\n<p><\/p>\n\n\n\n<h2 class=\"wp-block-heading\" id=\"fuhrung-durch-den-berggarten-hannover-am-03-september-2024-90e23991-43e5-4b9e-b511-b49d7eba72c7\">F\u00fchrung durch den Berggarten Hannover am 03. September 2024<\/h2>\n\n\n\n<h2 class=\"wp-block-heading\" id=\"mit-anschliessendem-mittagessen-im-gartenlokal--dce2e9e7-0227-4bff-ba73-4d585f3a0d7f\">mit anschlie\u00dfendem Mittagessen im Gartenlokal <\/h2>\n\n\n\n<p><\/p>\n\n\n\n<figure class=\"wp-block-image size-full\"><img loading=\"lazy\" decoding=\"async\" width=\"749\" height=\"558\" src=\"https:\/\/www.kreislandfrauen-hannover.de\/wp-content\/uploads\/2024\/09\/K-Berggarten-1.jpg\" alt=\"\" class=\"wp-image-7347\" srcset=\"https:\/\/www.kreislandfrauen-hannover.de\/wp-content\/uploads\/2024\/09\/K-Berggarten-1.jpg 749w, https:\/\/www.kreislandfrauen-hannover.de\/wp-content\/uploads\/2024\/09\/K-Berggarten-1-300x223.jpg 300w\" sizes=\"auto, (max-width: 749px) 100vw, 749px\" \/><figcaption class=\"wp-element-caption\">Screenshot<\/figcaption><\/figure>\n\n\n\n<figure class=\"wp-block-image size-full is-resized\"><img loading=\"lazy\" decoding=\"async\" width=\"480\" height=\"640\" src=\"https:\/\/www.kreislandfrauen-hannover.de\/wp-content\/uploads\/2024\/09\/K-Berggarten-2-rotated.jpg\" alt=\"\" class=\"wp-image-7348\" style=\"width:756px;height:auto\" srcset=\"https:\/\/www.kreislandfrauen-hannover.de\/wp-content\/uploads\/2024\/09\/K-Berggarten-2-rotated.jpg 480w, https:\/\/www.kreislandfrauen-hannover.de\/wp-content\/uploads\/2024\/09\/K-Berggarten-2-225x300.jpg 225w\" sizes=\"auto, (max-width: 480px) 100vw, 480px\" \/><\/figure>\n\n\n\n<hr class=\"wp-block-separator has-alpha-channel-opacity\"\/>\n\n\n\n<p><\/p>\n\n\n\n<p><\/p>\n\n\n\n<p><\/p>\n\n\n\n<p><\/p>\n\n\n\n<h2 class=\"wp-block-heading\" id=\"regionserntefest-am-08-september-2024-dcb26a3e-3b57-4dd2-acf8-17e8690ea2d9\">Regionserntefest am 08. September 2024<\/h2>\n\n\n\n<h2 class=\"wp-block-heading\" id=\"mit-gottesdienst-im-freien-in-ditterke-auf-dem-hot-mogwitz-ed41a07f-9d92-4c69-bc2f-f070c746dd7a\">mit Gottesdienst im Freien in Ditterke auf dem Hot Mogwitz<\/h2>\n\n\n\n<p><\/p>\n\n\n\n<p><\/p>\n\n\n\n<p>Bei gutem Wetter nutzten viele Leute die Gelegenheit, um leckeren Zwetschen- und Apfelkuchen oder Deftiges zu genie\u00dfen und sich diverse Informationen aus dem Bereich der Landwirtschaft zu holen.<\/p>\n\n\n\n<p><\/p>\n\n\n\n<figure class=\"wp-block-gallery has-nested-images columns-default is-cropped wp-block-gallery-3 is-layout-flex wp-block-gallery-is-layout-flex\">\n<figure class=\"wp-block-image size-large is-resized\"><img loading=\"lazy\" decoding=\"async\" width=\"719\" height=\"906\" data-id=\"7354\" src=\"https:\/\/www.kreislandfrauen-hannover.de\/wp-content\/uploads\/2024\/09\/K-Regionserntefest-2024-2.png\" alt=\"\" class=\"wp-image-7354\" style=\"width:419px;height:auto\" srcset=\"https:\/\/www.kreislandfrauen-hannover.de\/wp-content\/uploads\/2024\/09\/K-Regionserntefest-2024-2.png 719w, https:\/\/www.kreislandfrauen-hannover.de\/wp-content\/uploads\/2024\/09\/K-Regionserntefest-2024-2-238x300.png 238w\" sizes=\"auto, (max-width: 719px) 100vw, 719px\" \/><\/figure>\n\n\n\n<figure class=\"wp-block-image size-large is-resized\"><img loading=\"lazy\" decoding=\"async\" width=\"768\" height=\"1024\" data-id=\"7353\" src=\"https:\/\/www.kreislandfrauen-hannover.de\/wp-content\/uploads\/2024\/09\/K-Regionserntefest-2024-1-1-768x1024.jpg\" alt=\"\" class=\"wp-image-7353\" style=\"width:344px;height:auto\" srcset=\"https:\/\/www.kreislandfrauen-hannover.de\/wp-content\/uploads\/2024\/09\/K-Regionserntefest-2024-1-1-768x1024.jpg 768w, https:\/\/www.kreislandfrauen-hannover.de\/wp-content\/uploads\/2024\/09\/K-Regionserntefest-2024-1-1-225x300.jpg 225w, https:\/\/www.kreislandfrauen-hannover.de\/wp-content\/uploads\/2024\/09\/K-Regionserntefest-2024-1-1-1152x1536.jpg 1152w, https:\/\/www.kreislandfrauen-hannover.de\/wp-content\/uploads\/2024\/09\/K-Regionserntefest-2024-1-1-rotated.jpg 1512w\" sizes=\"auto, (max-width: 768px) 100vw, 768px\" \/><\/figure>\n<\/figure>\n\n\n<div class=\"wp-block-image\">\n<figure class=\"aligncenter size-large is-resized\"><img decoding=\"async\" src=\"https:\/\/www.kreislandfrauen-hannover.de\/wp-content\/uploads\/2024\/10\/K-Regionserntefest-2024-3.jpg\" alt=\"\" style=\"width:564px;height:auto\"\/><\/figure>\n<\/div>\n\n\n<hr class=\"wp-block-separator has-alpha-channel-opacity\"\/>\n\n\n\n<p><\/p>\n","protected":false},"excerpt":{"rendered":"<p>Dies und Das Aktion &#8222;Meine Hand f\u00fcr Demokratie und Vielfalt&#8220; am 14. Februar 2025 75 Jahre &#8222;jung&#8220;- Jubil\u00e4umsfeier am 06. November 2024 Am 06. November dieses Jahres konnte der LandFrauenverein Kr\u00e4henwinkel-Godshorn sein 75. Jubil\u00e4um feiern. Anfang November 1949 gr\u00fcndeten zun\u00e4chst Frauen aus Kr\u00e4henwinkel den Verein, dem sich 1956 die Godshorner Frauen anschlossen. Zur Jubil\u00e4umsfeier im [&hellip;]<\/p>\n","protected":false},"author":1,"featured_media":0,"parent":0,"menu_order":0,"comment_status":"closed","ping_status":"closed","template":"","meta":{"advgb_blocks_editor_width":"","advgb_blocks_columns_visual_guide":"","footnotes":""},"class_list":["post-72","page","type-page","status-publish","hentry","entry"],"coauthors":[],"author_meta":{"author_link":"https:\/\/www.kreislandfrauen-hannover.de\/?author=1","display_name":"admin"},"relative_dates":{"created":"Ver\u00f6ffentlicht 7\u00a0Jahren vor","modified":"Aktualisiert 1\u00a0Jahr vor"},"absolute_dates":{"created":"Ver\u00f6ffentlicht am 26. September 2019","modified":"Aktualisiert am 13. April 2025"},"absolute_dates_time":{"created":"Ver\u00f6ffentlicht am 26. September 2019 9:22 a.m.","modified":"Aktualisiert am 13. April 2025 1:41 p.m."},"featured_img_caption":"","featured_img":false,"series_order":"","_links":{"self":[{"href":"https:\/\/www.kreislandfrauen-hannover.de\/index.php?rest_route=\/wp\/v2\/pages\/72","targetHints":{"allow":["GET"]}}],"collection":[{"href":"https:\/\/www.kreislandfrauen-hannover.de\/index.php?rest_route=\/wp\/v2\/pages"}],"about":[{"href":"https:\/\/www.kreislandfrauen-hannover.de\/index.php?rest_route=\/wp\/v2\/types\/page"}],"author":[{"embeddable":true,"href":"https:\/\/www.kreislandfrauen-hannover.de\/index.php?rest_route=\/wp\/v2\/users\/1"}],"replies":[{"embeddable":true,"href":"https:\/\/www.kreislandfrauen-hannover.de\/index.php?rest_route=%2Fwp%2Fv2%2Fcomments&post=72"}],"version-history":[{"count":75,"href":"https:\/\/www.kreislandfrauen-hannover.de\/index.php?rest_route=\/wp\/v2\/pages\/72\/revisions"}],"predecessor-version":[{"id":7699,"href":"https:\/\/www.kreislandfrauen-hannover.de\/index.php?rest_route=\/wp\/v2\/pages\/72\/revisions\/7699"}],"wp:attachment":[{"href":"https:\/\/www.kreislandfrauen-hannover.de\/index.php?rest_route=%2Fwp%2Fv2%2Fmedia&parent=72"}],"curies":[{"name":"wp","href":"https:\/\/api.w.org\/{rel}","templated":true}]}}