{"id":68,"date":"2019-09-26T09:22:02","date_gmt":"2019-09-26T07:22:02","guid":{"rendered":"https:\/\/tecwin.de\/cms-wp\/?page_id=68"},"modified":"2026-04-28T11:11:11","modified_gmt":"2026-04-28T09:11:11","slug":"kraehenwinkel-godshorn-rueckschau","status":"publish","type":"page","link":"https:\/\/www.kreislandfrauen-hannover.de\/?page_id=68","title":{"rendered":"Kr\u00e4henwinkel-Godshorn Archiv"},"content":{"rendered":"<div class=\"wp-block-image\">\n<figure class=\"aligncenter\"><img loading=\"lazy\" decoding=\"async\" width=\"498\" height=\"102\" src=\"https:\/\/www.kreislandfrauen-hannover.de\/wp-content\/uploads\/2019\/09\/k-logo.png\" alt=\"\" class=\"wp-image-543\" srcset=\"https:\/\/www.kreislandfrauen-hannover.de\/wp-content\/uploads\/2019\/09\/k-logo.png 498w, https:\/\/www.kreislandfrauen-hannover.de\/wp-content\/uploads\/2019\/09\/k-logo-300x61.png 300w\" sizes=\"auto, (max-width: 498px) 100vw, 498px\" \/><\/figure>\n<\/div>\n\n\n<hr class=\"wp-block-separator has-css-opacity is-style-wide\"\/>\n\n\n\n<h2 class=\"wp-block-heading has-text-align-center\" id=\"ruckschau-a36d2bda-8ab4-4778-9d95-6b97f81cf188\">R\u00fcckschau<\/h2>\n\n\n\n<h1 class=\"wp-block-heading\"><strong>Veranstaltungsprogramm<\/strong>e<\/h1>\n\n\n\n<p><\/p>\n\n\n\n<p>2023 \/ 2024 <a href=\"https:\/\/www.kreislandfrauen-hannover.de\/wp-content\/uploads\/2023\/05\/LandFrauen-Kraehenwinkel_2023-2024.pdf\">hier<\/a><\/p>\n\n\n\n<p>2024 \/ 2025 <a href=\"https:\/\/www.kreislandfrauen-hannover.de\/wp-content\/uploads\/2024\/04\/K-Programm-2024-2025.pdf\">hier<\/a><\/p>\n\n\n\n<p>2025 \/ 2026 <a href=\"https:\/\/www.kreislandfrauen-hannover.de\/wp-content\/uploads\/2025\/05\/K-Programm-2025-2026.pdf\">hier<\/a><\/p>\n\n\n\n<p>2026 \/ 2017 <a href=\"https:\/\/www.kreislandfrauen-hannover.de\/wp-content\/uploads\/2026\/04\/K-Programm-2026-2027.pdf\">hier<\/a><\/p>\n\n\n\n<p><\/p>\n\n\n\n<p><\/p>\n\n\n\n<p><\/p>\n\n\n\n<p><\/p>\n\n\n\n<p><\/p>\n\n\n\n<h2 class=\"wp-block-heading\" id=\"hinter-der-buhnebesuch-des-opernhauses-hannover-am-10-mai-2023-48cd4748-0ce8-4ef6-b93a-3a87a550911c\">Hinter der B\u00fchne<br>Besuch des Opernhauses Hannover am 10. Mai 2023<\/h2>\n\n\n\n<p>Ein S\u00e4nger aus dem Chor der Staatsoper begr\u00fc\u00dft uns und l\u00e4sst uns Platz nehmen im Opernsaal. Erste Informationen zur Akustik im Saal, zum Orchesterbereich und die Frage \u201ein welchen Sprachen werden Opern gesungen\u201c machen neugierig auf mehr.&nbsp; Wir erfahren, dass diverse Kameras im Saal dabei helfen, Schauspiel, Gesang und Musik in Einklang zu bringen.<\/p>\n\n\n<div class=\"wp-block-image\">\n<figure class=\"alignright size-full is-resized\"><img loading=\"lazy\" decoding=\"async\" width=\"536\" height=\"954\" src=\"https:\/\/www.kreislandfrauen-hannover.de\/wp-content\/uploads\/2023\/06\/Opernhaus-2.png\" alt=\"\" class=\"wp-image-5918\" style=\"width:350px;height:624px\" srcset=\"https:\/\/www.kreislandfrauen-hannover.de\/wp-content\/uploads\/2023\/06\/Opernhaus-2.png 536w, https:\/\/www.kreislandfrauen-hannover.de\/wp-content\/uploads\/2023\/06\/Opernhaus-2-169x300.png 169w\" sizes=\"auto, (max-width: 536px) 100vw, 536px\" \/><\/figure>\n<\/div>\n\n\n<p>Hinter der B\u00fchne bestaunen wir die beeindruckende Technik, mit versenkbarem Boden, und vor allem das Treiben der Handwerker. Tischler, Tapezierer, Maler, Schlosser, Schneider &#8230; Das Staatstheater ist ein gro\u00dfes Unternehmen, das in vielen Berufen auch ausbildet.<\/p>\n\n\n<div class=\"wp-block-image\">\n<figure class=\"alignleft size-large is-resized\"><img loading=\"lazy\" decoding=\"async\" width=\"1024\" height=\"768\" src=\"https:\/\/www.kreislandfrauen-hannover.de\/wp-content\/uploads\/2023\/06\/Opernhaus-3-1024x768.jpg\" alt=\"\" class=\"wp-image-5919\" style=\"width:452px;height:339px\" srcset=\"https:\/\/www.kreislandfrauen-hannover.de\/wp-content\/uploads\/2023\/06\/Opernhaus-3-1024x768.jpg 1024w, https:\/\/www.kreislandfrauen-hannover.de\/wp-content\/uploads\/2023\/06\/Opernhaus-3-300x225.jpg 300w, https:\/\/www.kreislandfrauen-hannover.de\/wp-content\/uploads\/2023\/06\/Opernhaus-3-768x576.jpg 768w, https:\/\/www.kreislandfrauen-hannover.de\/wp-content\/uploads\/2023\/06\/Opernhaus-3-1536x1152.jpg 1536w, https:\/\/www.kreislandfrauen-hannover.de\/wp-content\/uploads\/2023\/06\/Opernhaus-3-2048x1536.jpg 2048w\" sizes=\"auto, (max-width: 1024px) 100vw, 1024px\" \/><\/figure>\n<\/div>\n\n<div class=\"wp-block-image\">\n<figure class=\"alignleft size-large is-resized\"><img loading=\"lazy\" decoding=\"async\" width=\"768\" height=\"1024\" src=\"https:\/\/www.kreislandfrauen-hannover.de\/wp-content\/uploads\/2023\/06\/Opernhaus-1-768x1024.jpg\" alt=\"\" class=\"wp-image-5917\" style=\"width:312px;height:416px\" srcset=\"https:\/\/www.kreislandfrauen-hannover.de\/wp-content\/uploads\/2023\/06\/Opernhaus-1-768x1024.jpg 768w, https:\/\/www.kreislandfrauen-hannover.de\/wp-content\/uploads\/2023\/06\/Opernhaus-1-225x300.jpg 225w, https:\/\/www.kreislandfrauen-hannover.de\/wp-content\/uploads\/2023\/06\/Opernhaus-1-1152x1536.jpg 1152w, https:\/\/www.kreislandfrauen-hannover.de\/wp-content\/uploads\/2023\/06\/Opernhaus-1-1536x2048.jpg 1536w, https:\/\/www.kreislandfrauen-hannover.de\/wp-content\/uploads\/2023\/06\/Opernhaus-1-scaled.jpg 1920w\" sizes=\"auto, (max-width: 768px) 100vw, 768px\" \/><\/figure>\n<\/div>\n\n\n<p>Eindrucksvoll auch die Aufgaben des Inspizienten, der an seinem Regiepult f\u00fcr den gesamten k\u00fcnstlerischen und technischen Ablauf einer B\u00fchnenauff\u00fchrung verantwortlich ist, u. a. auch f\u00fcr das \u00d6ffnen und Schlie\u00dfen des Vorhangs.<\/p>\n\n\n\n<p>Wer wei\u00df schon, dass es f\u00fcr jede Auff\u00fchrung eine Applausordnung gibt, in der jeweils festgelegt wird, welcher K\u00fcnstler, wann auf die B\u00fchne kommt, um den verdienten Lohn \u2013 den Applaus \u2013 f\u00fcr seinen Auftritt zu erhalten.<\/p>\n\n\n\n<p>Gewaltig ist der Kost\u00fcmfundus in den oberen Etagen des Opernhauses.<\/p>\n\n\n\n<p>Und zwischendurch spitzen wir die Ohren, wenn wir von unserem Opernhausf\u00fchrer spannende Anekdoten rund um Proben und Veranstaltungen h\u00f6ren.<\/p>\n\n\n\n<p>Eine Besichtigung hinter der B\u00fchne des Opernhauses Hannover \u2013 sehr kurzweilig, sehr spannend, sehr zu empfehlen!<\/p>\n\n\n\n<p><\/p>\n\n\n\n<p><\/p>\n\n\n\n<hr class=\"wp-block-separator has-alpha-channel-opacity\"\/>\n\n\n\n<p><\/p>\n\n\n\n<h2 class=\"wp-block-heading\" id=\"ausflug-zur-moosbeerhutte-in-gilten-am-27-september-2022-754bb2ab-d610-4660-8bcb-4c122799b46c\">Ausflug zur Moosbeerh\u00fctte in Gilten am 27. September 2022<\/h2>\n\n\n\n<p><\/p>\n\n\n\n<p>Wir starteten zum Besuch der Moosbeerh\u00fctte in Gilten, um Wissenswertes \u00fcber die &#8222;Kranichbeere&#8220; zu erfahren. Jeder kennt Cranberries, beliebt in getrockneter Form als Zutat f\u00fcr M\u00fcsli oder als Snack. Nur wenige kennen die Heilkraft des Saftes bei Blasen- und Nierenbeschwerden. Der Saft als Nektar konnte verkostet werden und andere leckere M\u00f6glichkeiten der Verwendung der rohen Beeren wurden im Betrieb angeboten. Ob im Keks, als Fruchtaufstrich, als Rohkost im Joghurt, es war alles k\u00f6stlich, was Frau Dierking selbst produziert und im Hofladen verkauft. Die Gelegenheit zum Erwerb der Produkte haben wir reichlich wahrgenommen, gut gef\u00fcllte Taschen im Bus verstaut.<\/p>\n\n\n\n<figure class=\"wp-block-image size-full\"><img loading=\"lazy\" decoding=\"async\" width=\"640\" height=\"480\" src=\"https:\/\/www.kreislandfrauen-hannover.de\/wp-content\/uploads\/2022\/10\/IMG_3998.jpg\" alt=\"\" class=\"wp-image-5090\" srcset=\"https:\/\/www.kreislandfrauen-hannover.de\/wp-content\/uploads\/2022\/10\/IMG_3998.jpg 640w, https:\/\/www.kreislandfrauen-hannover.de\/wp-content\/uploads\/2022\/10\/IMG_3998-300x225.jpg 300w\" sizes=\"auto, (max-width: 640px) 100vw, 640px\" \/><\/figure>\n\n\n\n<figure class=\"wp-block-image size-full\"><img loading=\"lazy\" decoding=\"async\" width=\"640\" height=\"480\" src=\"https:\/\/www.kreislandfrauen-hannover.de\/wp-content\/uploads\/2022\/10\/IMG_3982.jpg\" alt=\"\" class=\"wp-image-5087\" srcset=\"https:\/\/www.kreislandfrauen-hannover.de\/wp-content\/uploads\/2022\/10\/IMG_3982.jpg 640w, https:\/\/www.kreislandfrauen-hannover.de\/wp-content\/uploads\/2022\/10\/IMG_3982-300x225.jpg 300w\" sizes=\"auto, (max-width: 640px) 100vw, 640px\" \/><\/figure>\n\n\n\n<figure class=\"wp-block-image size-full\"><img loading=\"lazy\" decoding=\"async\" width=\"640\" height=\"480\" src=\"https:\/\/www.kreislandfrauen-hannover.de\/wp-content\/uploads\/2022\/10\/IMG_3985.jpg\" alt=\"\" class=\"wp-image-5088\" srcset=\"https:\/\/www.kreislandfrauen-hannover.de\/wp-content\/uploads\/2022\/10\/IMG_3985.jpg 640w, https:\/\/www.kreislandfrauen-hannover.de\/wp-content\/uploads\/2022\/10\/IMG_3985-300x225.jpg 300w\" sizes=\"auto, (max-width: 640px) 100vw, 640px\" \/><\/figure>\n\n\n\n<figure class=\"wp-block-image size-full\"><img loading=\"lazy\" decoding=\"async\" width=\"640\" height=\"480\" src=\"https:\/\/www.kreislandfrauen-hannover.de\/wp-content\/uploads\/2022\/10\/IMG_3990-2.jpg\" alt=\"\" class=\"wp-image-5089\" srcset=\"https:\/\/www.kreislandfrauen-hannover.de\/wp-content\/uploads\/2022\/10\/IMG_3990-2.jpg 640w, https:\/\/www.kreislandfrauen-hannover.de\/wp-content\/uploads\/2022\/10\/IMG_3990-2-300x225.jpg 300w\" sizes=\"auto, (max-width: 640px) 100vw, 640px\" \/><\/figure>\n\n\n\n<p>Zum Abschluss des Nachmittags wurde im Hofcaf\u00e9 &#8222;Landleben&#8220; selbst gebackene Torte verzehrt und gem\u00fctlich gekl\u00f6nt, was f\u00fcr den doch regnerischen Tag entsch\u00e4digte.<\/p>\n\n\n\n<figure class=\"wp-block-image size-full is-resized\"><img loading=\"lazy\" decoding=\"async\" width=\"450\" height=\"600\" src=\"https:\/\/www.kreislandfrauen-hannover.de\/wp-content\/uploads\/2022\/10\/IMG_20220927_150500.jpg\" alt=\"\" class=\"wp-image-5091\" style=\"width:643px;height:857px\" srcset=\"https:\/\/www.kreislandfrauen-hannover.de\/wp-content\/uploads\/2022\/10\/IMG_20220927_150500.jpg 450w, https:\/\/www.kreislandfrauen-hannover.de\/wp-content\/uploads\/2022\/10\/IMG_20220927_150500-225x300.jpg 225w\" sizes=\"auto, (max-width: 450px) 100vw, 450px\" \/><figcaption class=\"wp-element-caption\">Bericht von Hannelore Brendel<\/figcaption><\/figure>\n\n\n\n<p><br><\/p>\n\n\n\n<hr class=\"wp-block-separator has-alpha-channel-opacity\"\/>\n\n\n\n<h2 class=\"wp-block-heading\" id=\"godshorner-strassenfest-am-17-september-2022-f375976a-a9d2-498a-abca-6503cd4cad6c\">Godshorner Stra\u00dfenfest am 17. September 2022<\/h2>\n\n\n\n<figure class=\"wp-block-image size-full\"><img loading=\"lazy\" decoding=\"async\" width=\"544\" height=\"768\" src=\"https:\/\/www.kreislandfrauen-hannover.de\/wp-content\/uploads\/2022\/10\/A0-Plkat-Godshorn-SF_150.jpeg\" alt=\"\" class=\"wp-image-5074\" srcset=\"https:\/\/www.kreislandfrauen-hannover.de\/wp-content\/uploads\/2022\/10\/A0-Plkat-Godshorn-SF_150.jpeg 544w, https:\/\/www.kreislandfrauen-hannover.de\/wp-content\/uploads\/2022\/10\/A0-Plkat-Godshorn-SF_150-213x300.jpeg 213w\" sizes=\"auto, (max-width: 544px) 100vw, 544px\" \/><\/figure>\n\n\n\n<p>Petrus hat es mit den Godshorner nicht gerade gut gemeint.  Aber wir hatten mit unserem kleinen, aber feinen &#8222;Fischpavillon&#8220; viel Spa\u00df und Freude. Wir w\u00fcrden uns \u00fcber eine Wiederholung freuen.<\/p>\n\n\n<div class=\"wp-block-image\">\n<figure class=\"alignright size-full\"><img loading=\"lazy\" decoding=\"async\" width=\"600\" height=\"486\" src=\"https:\/\/www.kreislandfrauen-hannover.de\/wp-content\/uploads\/2022\/10\/TFTT3720-2.jpg\" alt=\"\" class=\"wp-image-5073\" srcset=\"https:\/\/www.kreislandfrauen-hannover.de\/wp-content\/uploads\/2022\/10\/TFTT3720-2.jpg 600w, https:\/\/www.kreislandfrauen-hannover.de\/wp-content\/uploads\/2022\/10\/TFTT3720-2-300x243.jpg 300w\" sizes=\"auto, (max-width: 600px) 100vw, 600px\" \/><\/figure>\n<\/div>\n\n\n<p><\/p>\n\n\n\n<p><\/p>\n\n\n\n<p><\/p>\n\n\n\n<p><\/p>\n\n\n\n<p><\/p>\n\n\n\n<p><\/p>\n\n\n\n<p><\/p>\n\n\n\n<p><\/p>\n\n\n\n<figure class=\"wp-block-image size-full\"><img loading=\"lazy\" decoding=\"async\" width=\"600\" height=\"450\" src=\"https:\/\/www.kreislandfrauen-hannover.de\/wp-content\/uploads\/2022\/10\/UHIZ9391.jpg\" alt=\"\" class=\"wp-image-5072\" srcset=\"https:\/\/www.kreislandfrauen-hannover.de\/wp-content\/uploads\/2022\/10\/UHIZ9391.jpg 600w, https:\/\/www.kreislandfrauen-hannover.de\/wp-content\/uploads\/2022\/10\/UHIZ9391-300x225.jpg 300w\" sizes=\"auto, (max-width: 600px) 100vw, 600px\" \/><\/figure>\n\n\n\n<p><\/p>\n\n\n\n<p><\/p>\n\n\n\n<hr class=\"wp-block-separator has-alpha-channel-opacity\"\/>\n\n\n\n<p><\/p>\n\n\n\n<p><\/p>\n\n\n\n<p><\/p>\n\n\n\n<h2 class=\"wp-block-heading\" id=\"ausflug-ins-weserbergland-am-28-juni-2022-8cef1d12-7a5e-4a0d-aaa9-961c07759616\">Ausflug ins Weserbergland am 28. Juni 2022<\/h2>\n\n\n\n<p><\/p>\n\n\n\n<p>Bei strahlendem Sonnenschein fuhren unsere LandFrauen mit dem Bus ins Weserbergland.<br>Zun\u00e4chst wurde das Wasserschloss H\u00e4melschenburg besichtigt, ein sehr gut erhaltenes Rittergut im Stil der Weserrenaissance, komplett mit Kirche, M\u00fchle, Trakehnergest\u00fct und Nebengeb\u00e4uden.<br><\/p>\n\n\n\n<figure class=\"wp-block-image size-large is-resized\"><img loading=\"lazy\" decoding=\"async\" width=\"1024\" height=\"683\" src=\"https:\/\/www.kreislandfrauen-hannover.de\/wp-content\/uploads\/2022\/07\/DSC_5134-1024x683.jpg\" alt=\"\" class=\"wp-image-4837\" style=\"width:817px;height:545px\" srcset=\"https:\/\/www.kreislandfrauen-hannover.de\/wp-content\/uploads\/2022\/07\/DSC_5134-1024x683.jpg 1024w, https:\/\/www.kreislandfrauen-hannover.de\/wp-content\/uploads\/2022\/07\/DSC_5134-300x200.jpg 300w, https:\/\/www.kreislandfrauen-hannover.de\/wp-content\/uploads\/2022\/07\/DSC_5134-768x512.jpg 768w, https:\/\/www.kreislandfrauen-hannover.de\/wp-content\/uploads\/2022\/07\/DSC_5134-1536x1024.jpg 1536w, https:\/\/www.kreislandfrauen-hannover.de\/wp-content\/uploads\/2022\/07\/DSC_5134-2048x1366.jpg 2048w\" sizes=\"auto, (max-width: 1024px) 100vw, 1024px\" \/><\/figure>\n\n\n\n<p>Nach einem kleinen Imbiss im Schlosscaf\u00e9 ging die Fahrt weiter nach Bad Pyrmont, wo die meisten unserer LandFrauen den wundersch\u00f6nen Kurpark genossen.<\/p>\n\n\n\n<figure class=\"wp-block-image size-large is-resized\"><img loading=\"lazy\" decoding=\"async\" width=\"1024\" height=\"683\" src=\"https:\/\/www.kreislandfrauen-hannover.de\/wp-content\/uploads\/2022\/07\/DSC_5158-2-1024x683.jpg\" alt=\"\" class=\"wp-image-4838\" style=\"width:821px;height:547px\" srcset=\"https:\/\/www.kreislandfrauen-hannover.de\/wp-content\/uploads\/2022\/07\/DSC_5158-2-1024x683.jpg 1024w, https:\/\/www.kreislandfrauen-hannover.de\/wp-content\/uploads\/2022\/07\/DSC_5158-2-300x200.jpg 300w, https:\/\/www.kreislandfrauen-hannover.de\/wp-content\/uploads\/2022\/07\/DSC_5158-2-768x512.jpg 768w, https:\/\/www.kreislandfrauen-hannover.de\/wp-content\/uploads\/2022\/07\/DSC_5158-2-1536x1024.jpg 1536w, https:\/\/www.kreislandfrauen-hannover.de\/wp-content\/uploads\/2022\/07\/DSC_5158-2-2048x1366.jpg 2048w\" sizes=\"auto, (max-width: 1024px) 100vw, 1024px\" \/><\/figure>\n\n\n\n<p>Alle waren sich einig: Trotz der gro\u00dfen Hitze hat die Fahrt sich gelohnt! <br><br><br><\/p>\n\n\n\n<p><\/p>\n\n\n\n<p><\/p>\n\n\n\n<p><\/p>\n\n\n\n<p><\/p>\n\n\n\n<p><\/p>\n\n\n\n<p><\/p>\n\n\n\n<p><\/p>\n\n\n\n<p><\/p>\n\n\n\n<p><\/p>\n","protected":false},"excerpt":{"rendered":"<p>R\u00fcckschau Veranstaltungsprogramme 2023 \/ 2024 hier 2024 \/ 2025 hier 2025 \/ 2026 hier 2026 \/ 2017 hier Hinter der B\u00fchneBesuch des Opernhauses Hannover am 10. Mai 2023 Ein S\u00e4nger aus dem Chor der Staatsoper begr\u00fc\u00dft uns und l\u00e4sst uns Platz nehmen im Opernsaal. Erste Informationen zur Akustik im Saal, zum Orchesterbereich und die Frage [&hellip;]<\/p>\n","protected":false},"author":1,"featured_media":0,"parent":0,"menu_order":0,"comment_status":"closed","ping_status":"closed","template":"","meta":{"advgb_blocks_editor_width":"","advgb_blocks_columns_visual_guide":"","footnotes":""},"class_list":["post-68","page","type-page","status-publish","hentry","entry"],"coauthors":[],"author_meta":{"author_link":"https:\/\/www.kreislandfrauen-hannover.de\/?author=1","display_name":"admin"},"relative_dates":{"created":"Ver\u00f6ffentlicht 7\u00a0Jahren vor","modified":"Aktualisiert 1\u00a0Woche vor"},"absolute_dates":{"created":"Ver\u00f6ffentlicht am 26. September 2019","modified":"Aktualisiert am 28. April 2026"},"absolute_dates_time":{"created":"Ver\u00f6ffentlicht am 26. September 2019 9:22 a.m.","modified":"Aktualisiert am 28. April 2026 11:11 a.m."},"featured_img_caption":"","featured_img":false,"series_order":"","_links":{"self":[{"href":"https:\/\/www.kreislandfrauen-hannover.de\/index.php?rest_route=\/wp\/v2\/pages\/68","targetHints":{"allow":["GET"]}}],"collection":[{"href":"https:\/\/www.kreislandfrauen-hannover.de\/index.php?rest_route=\/wp\/v2\/pages"}],"about":[{"href":"https:\/\/www.kreislandfrauen-hannover.de\/index.php?rest_route=\/wp\/v2\/types\/page"}],"author":[{"embeddable":true,"href":"https:\/\/www.kreislandfrauen-hannover.de\/index.php?rest_route=\/wp\/v2\/users\/1"}],"replies":[{"embeddable":true,"href":"https:\/\/www.kreislandfrauen-hannover.de\/index.php?rest_route=%2Fwp%2Fv2%2Fcomments&post=68"}],"version-history":[{"count":101,"href":"https:\/\/www.kreislandfrauen-hannover.de\/index.php?rest_route=\/wp\/v2\/pages\/68\/revisions"}],"predecessor-version":[{"id":8505,"href":"https:\/\/www.kreislandfrauen-hannover.de\/index.php?rest_route=\/wp\/v2\/pages\/68\/revisions\/8505"}],"wp:attachment":[{"href":"https:\/\/www.kreislandfrauen-hannover.de\/index.php?rest_route=%2Fwp%2Fv2%2Fmedia&parent=68"}],"curies":[{"name":"wp","href":"https:\/\/api.w.org\/{rel}","templated":true}]}}