{"id":66,"date":"2019-09-26T09:21:43","date_gmt":"2019-09-26T09:21:43","guid":{"rendered":"https:\/\/tecwin.de\/cms-wp\/?page_id=66"},"modified":"2026-04-28T11:05:26","modified_gmt":"2026-04-28T09:05:26","slug":"kraehenwinkel-godshorn-veranstaltungen","status":"publish","type":"page","link":"https:\/\/www.kreislandfrauen-hannover.de\/?page_id=66","title":{"rendered":"Kr\u00e4henwinkel-Godshorn Veranstaltungen"},"content":{"rendered":"<div class=\"wp-block-image\">\n<figure class=\"aligncenter\"><img loading=\"lazy\" decoding=\"async\" width=\"498\" height=\"102\" src=\"https:\/\/www.kreislandfrauen-hannover.de\/wp-content\/uploads\/2019\/09\/k-logo.png\" alt=\"\" class=\"wp-image-543\" srcset=\"https:\/\/www.kreislandfrauen-hannover.de\/wp-content\/uploads\/2019\/09\/k-logo.png 498w, https:\/\/www.kreislandfrauen-hannover.de\/wp-content\/uploads\/2019\/09\/k-logo-300x61.png 300w\" sizes=\"auto, (max-width: 498px) 100vw, 498px\" \/><\/figure>\n<\/div>\n\n\n<hr class=\"wp-block-separator has-css-opacity is-style-wide\"\/>\n\n\n\n<h2 class=\"wp-block-heading has-text-align-center\">Veranstaltungen<\/h2>\n\n\n\n<h2 class=\"wp-block-heading\"><strong>Programm 2026<\/strong> \/ 2027<\/h2>\n\n\n\n<p><\/p>\n\n\n\n<table class=\"wp-block-advgb-table advgb-table-frontend is-style-default\"><tbody><tr><td style=\"border-top-color:#abb8c3;border-right-color:#abb8c3;border-bottom-color:#abb8c3;border-left-color:#abb8c3;border-width:1px;padding-left:8px\" data-border-color=\"#abb8c3\"><strong>Datum \/ Uhrzeit \/ Ort  <\/strong><\/td><td style=\"border-top-color:#abb8c3;border-right-color:#abb8c3;border-bottom-color:#abb8c3;border-left-color:#abb8c3;border-width:1px;padding-left:8px\" data-border-color=\"#abb8c3\"><strong>Referent*in<\/strong>  <\/td><td style=\"border-top-color:#abb8c3;border-right-color:#abb8c3;border-bottom-color:#abb8c3;border-left-color:#abb8c3;border-width:1px;padding-left:8px\" data-border-color=\"#abb8c3\"><strong>Thema <\/strong><\/td><\/tr><tr><td style=\"border-top-color:#abb8c3;border-right-color:#abb8c3;border-bottom-color:#abb8c3;border-left-color:#abb8c3;border-width:1px;padding-left:8px\" data-border-color=\"#abb8c3\">Mi., 07.10.2026 \/ 17.00 Uhr<br>DGH Kr\u00e4henwinkel<\/td><td style=\"border-top-color:#abb8c3;border-right-color:#abb8c3;border-bottom-color:#abb8c3;border-left-color:#abb8c3;border-width:1px;padding-left:8px;color:#000000\" data-border-color=\"#abb8c3\">Verbraucherzentrale Nds. e.V.<\/td><td style=\"border-top-color:#abb8c3;border-right-color:#abb8c3;border-bottom-color:#abb8c3;border-left-color:#abb8c3;border-width:1px;padding-left:8px\" data-border-color=\"#abb8c3\"><strong>Lebensmittelwertsch\u00e4tzun<\/strong>g<br><strong>&#8211; Genie\u00dfen statt wegwerfen<\/strong><\/td><\/tr><tr><td style=\"border-top-color:#abb8c3;border-right-color:#abb8c3;border-bottom-color:#abb8c3;border-left-color:#abb8c3;border-width:1px;padding-left:8px\" data-border-color=\"#abb8c3\">Di., 03.11.2016 \/ 17.00 Uhr<br>DGH Kr\u00e4henwinkel<\/td><td style=\"border-top-color:#abb8c3;border-right-color:#abb8c3;border-bottom-color:#abb8c3;border-left-color:#abb8c3;border-width:1px;padding-left:8px;color:#000000\" data-border-color=\"#abb8c3\">Renate Frank<\/td><td style=\"border-top-color:#abb8c3;border-right-color:#abb8c3;border-bottom-color:#abb8c3;border-left-color:#abb8c3;border-width:1px;padding-left:8px\" data-border-color=\"#abb8c3\"><strong>Anti-Aging ohne Pillen:<br>wie die Ern\u00e4hrung jung h\u00e4lt<\/strong><\/td><\/tr><tr><td style=\"border-top-color:#abb8c3;border-right-color:#abb8c3;border-bottom-color:#abb8c3;border-left-color:#abb8c3;border-width:1px;padding-left:8px\" data-border-color=\"#abb8c3\">Di., 01.12.2026 \/ 15.00 Uhr<br>DGH Kr\u00e4henwinkel<\/td><td style=\"border-top-color:#abb8c3;border-right-color:#abb8c3;border-bottom-color:#abb8c3;border-left-color:#abb8c3;border-width:1px;padding-left:8px;color:#000000\" data-border-color=\"#abb8c3\">Weihnachtfeier<\/td><td style=\"border-top-color:#abb8c3;border-right-color:#abb8c3;border-bottom-color:#abb8c3;border-left-color:#abb8c3;border-width:1px;padding-left:8px\" data-border-color=\"#abb8c3\">(Das Thema ist noch in Planung)<\/td><\/tr><tr><td style=\"border-top-color:#abb8c3;border-right-color:#abb8c3;border-bottom-color:#abb8c3;border-left-color:#abb8c3;border-width:1px;padding-left:8px\" data-border-color=\"#abb8c3\">Mo., 11.01.2027 \/ 15.00 Uhr<br>Gemeindehaus Kirche Godshorn<\/td><td style=\"border-top-color:#abb8c3;border-right-color:#abb8c3;border-bottom-color:#abb8c3;border-left-color:#abb8c3;border-width:1px;padding-left:8px;color:#000000\" data-border-color=\"#abb8c3\">Wolfgang Borchardt<\/td><td style=\"border-top-color:#abb8c3;border-right-color:#abb8c3;border-bottom-color:#abb8c3;border-left-color:#abb8c3;border-width:1px;padding-left:8px\" data-border-color=\"#abb8c3\"><strong>Wie wir wurden, was wir sind<br>&#8211; Geschichte der BRD, <br>die Besatzungszeit 1945 &#8211; 1949<\/strong><\/td><\/tr><tr><td style=\"border-top-color:#abb8c3;border-right-color:#abb8c3;border-bottom-color:#abb8c3;border-left-color:#abb8c3;border-width:1px;padding-left:8px\" data-border-color=\"#abb8c3\">Mi., 03.02.2027 \/ 17.00 Uhr<br>DGH Kr\u00e4hwinkel<\/td><td style=\"border-top-color:#abb8c3;border-right-color:#abb8c3;border-bottom-color:#abb8c3;border-left-color:#abb8c3;border-width:1px;padding-left:8px;color:#000000\" data-border-color=\"#abb8c3\">Karl-Heinz Girod<\/td><td style=\"border-top-color:#abb8c3;border-right-color:#abb8c3;border-bottom-color:#abb8c3;border-left-color:#abb8c3;border-width:1px;padding-left:8px\" data-border-color=\"#abb8c3\"><strong>Meister Adebar auf dem Vormarsch<\/strong><\/td><\/tr><tr><td style=\"border-top-color:#abb8c3;border-right-color:#abb8c3;border-bottom-color:#abb8c3;border-left-color:#abb8c3;border-width:1px;padding-left:8px\" data-border-color=\"#abb8c3\">Mo., 22.03.2027 \/ 17.00 Uhr<br>DGH Kr\u00e4henwinkel<\/td><td style=\"border-top-color:#abb8c3;border-right-color:#abb8c3;border-bottom-color:#abb8c3;border-left-color:#abb8c3;border-width:1px;padding-left:8px;color:#000000\" data-border-color=\"#abb8c3\">Andree Ehrhardt<\/td><td style=\"border-top-color:#abb8c3;border-right-color:#abb8c3;border-bottom-color:#abb8c3;border-left-color:#abb8c3;border-width:1px;padding-left:8px\" data-border-color=\"#abb8c3\"><strong>Madagaskar<\/strong><\/td><\/tr><tr><td style=\"border-top-color:#abb8c3;border-right-color:#abb8c3;border-bottom-color:#abb8c3;border-left-color:#abb8c3;border-width:1px;padding-left:8px\" data-border-color=\"#abb8c3\">Mo., 19.04.2027 \/ 15.00 Uhr<br>Gemeindehaus Kirche Godshorn<\/td><td style=\"border-top-color:#abb8c3;border-right-color:#abb8c3;border-bottom-color:#abb8c3;border-left-color:#abb8c3;border-width:1px;padding-left:8px;color:#000000\" data-border-color=\"#abb8c3\">Daniel Naethe<\/td><td style=\"border-top-color:#abb8c3;border-right-color:#abb8c3;border-bottom-color:#abb8c3;border-left-color:#abb8c3;border-width:1px;padding-left:8px\" data-border-color=\"#abb8c3\"><strong>Bestattungsvorsorge<br>&#8211; Eine Sorge weniger<\/strong><\/td><\/tr><\/tbody><\/table>\n\n\n\n<p>\u00c4nderungen vorbehalten!<\/p>\n\n\n\n<p><\/p>\n\n\n\n<p>DGH = Dorfgemeinschaftshaus<\/p>\n\n\n\n<p>F\u00fcr die Vortr\u00e4ge melden Sie sich bitte bei den Ortsvertreterinnen an!<br><strong>Interessierte Frauen sind jederzeit herzlich willkommen!<\/strong><br>Details sind bei der Vorsitzenden unter der angegebenen Tel.-Nr. zu erfragen!<br>Vorsitzende: Renate Moderow,&nbsp;Tel.: 0511 &#8211; 742748<\/p>\n\n\n\n<p>Das komplette Veranstaltungsprogramm 2026\/2027 finden Sie <a href=\"https:\/\/www.kreislandfrauen-hannover.de\/wp-content\/uploads\/2026\/04\/K-Programm-2026-2027.pdf\">hier!<\/a><\/p>\n\n\n\n<hr class=\"wp-block-separator has-css-opacity\"\/>\n\n\n\n<h2 class=\"wp-block-heading\">Termine 2026<\/h2>\n\n\n\n<div class=\"wp-block-columns is-layout-flex wp-container-core-columns-is-layout-9d6595d7 wp-block-columns-is-layout-flex\">\n<div class=\"wp-block-column is-layout-flow wp-block-column-is-layout-flow\" style=\"flex-basis:100%\">\n<table class=\"wp-block-advgb-table advgb-table-frontend\"><tbody><tr><td style=\"text-align:center\"> 21.Mai<\/td><td><strong>F\u00fchrung in Hannover &#8211; Leineufer. Wasser, Kunst, Leinewelle<\/strong><\/td><\/tr><tr><td style=\"text-align:center\">08. Juli<\/td><td><strong>Busfahrt &#8211; TAOASIS &#8211; Botanischer Duftgarten<\/strong><\/td><\/tr><tr><td style=\"text-align:center\">13. August<\/td><td><strong>Die Feuerwehr Godshorn l\u00e4dt ein<\/strong><\/td><\/tr><tr><td style=\"text-align:center\">01. September<\/td><td><strong>Busfahrt -Drei Fl\u00fcsse-Stadt Hann.M\u00fcnden<\/strong><\/td><\/tr><\/tbody><\/table>\n<\/div>\n<\/div>\n\n\n\n<div class=\"wp-block-columns is-layout-flex wp-container-core-columns-is-layout-9d6595d7 wp-block-columns-is-layout-flex\">\n<div class=\"wp-block-column is-layout-flow wp-block-column-is-layout-flow\"><\/div>\n\n\n\n<div class=\"wp-block-column is-layout-flow wp-block-column-is-layout-flow\"><\/div>\n<\/div>\n\n\n\n<p><\/p>\n\n\n\n<p><\/p>\n\n\n\n<p><\/p>\n\n\n\n<p><\/p>\n\n\n\n<p><\/p>\n\n\n\n<p><\/p>\n\n\n\n<p><\/p>\n\n\n\n<p><\/p>\n\n\n\n<p><\/p>\n\n\n\n<p><\/p>\n\n\n\n<p><\/p>\n\n\n\n<p><\/p>\n\n\n\n<p><\/p>\n\n\n\n<p><\/p>\n\n\n\n<p><\/p>\n\n\n\n<p><\/p>\n\n\n\n<p><\/p>\n\n\n\n<p><\/p>\n\n\n\n<p><\/p>\n","protected":false},"excerpt":{"rendered":"<p>Veranstaltungen Programm 2026 \/ 2027 \u00c4nderungen vorbehalten! DGH = Dorfgemeinschaftshaus F\u00fcr die Vortr\u00e4ge melden Sie sich bitte bei den Ortsvertreterinnen an!Interessierte Frauen sind jederzeit herzlich willkommen!Details sind bei der Vorsitzenden unter der angegebenen Tel.-Nr. zu erfragen!Vorsitzende: Renate Moderow,&nbsp;Tel.: 0511 &#8211; 742748 Das komplette Veranstaltungsprogramm 2026\/2027 finden Sie hier! Termine 2026<\/p>\n","protected":false},"author":1,"featured_media":0,"parent":0,"menu_order":0,"comment_status":"closed","ping_status":"closed","template":"","meta":{"advgb_blocks_editor_width":"","advgb_blocks_columns_visual_guide":"","footnotes":""},"class_list":["post-66","page","type-page","status-publish","hentry","entry"],"coauthors":[],"author_meta":{"author_link":"https:\/\/www.kreislandfrauen-hannover.de\/?author=1","display_name":"admin"},"relative_dates":{"created":"Ver\u00f6ffentlicht 7\u00a0Jahren vor","modified":"Aktualisiert 1\u00a0Woche vor"},"absolute_dates":{"created":"Ver\u00f6ffentlicht am 26. September 2019","modified":"Aktualisiert am 28. April 2026"},"absolute_dates_time":{"created":"Ver\u00f6ffentlicht am 26. September 2019 9:21 a.m.","modified":"Aktualisiert am 28. April 2026 11:05 a.m."},"featured_img_caption":"","featured_img":false,"series_order":"","_links":{"self":[{"href":"https:\/\/www.kreislandfrauen-hannover.de\/index.php?rest_route=\/wp\/v2\/pages\/66","targetHints":{"allow":["GET"]}}],"collection":[{"href":"https:\/\/www.kreislandfrauen-hannover.de\/index.php?rest_route=\/wp\/v2\/pages"}],"about":[{"href":"https:\/\/www.kreislandfrauen-hannover.de\/index.php?rest_route=\/wp\/v2\/types\/page"}],"author":[{"embeddable":true,"href":"https:\/\/www.kreislandfrauen-hannover.de\/index.php?rest_route=\/wp\/v2\/users\/1"}],"replies":[{"embeddable":true,"href":"https:\/\/www.kreislandfrauen-hannover.de\/index.php?rest_route=%2Fwp%2Fv2%2Fcomments&post=66"}],"version-history":[{"count":199,"href":"https:\/\/www.kreislandfrauen-hannover.de\/index.php?rest_route=\/wp\/v2\/pages\/66\/revisions"}],"predecessor-version":[{"id":8501,"href":"https:\/\/www.kreislandfrauen-hannover.de\/index.php?rest_route=\/wp\/v2\/pages\/66\/revisions\/8501"}],"wp:attachment":[{"href":"https:\/\/www.kreislandfrauen-hannover.de\/index.php?rest_route=%2Fwp%2Fv2%2Fmedia&parent=66"}],"curies":[{"name":"wp","href":"https:\/\/api.w.org\/{rel}","templated":true}]}}