{"id":56,"date":"2019-09-26T09:20:25","date_gmt":"2019-09-26T09:20:25","guid":{"rendered":"https:\/\/tecwin.de\/cms-wp\/?page_id=56"},"modified":"2026-04-16T13:05:55","modified_gmt":"2026-04-16T11:05:55","slug":"gehrden-ronnenberg-veranstaltungen","status":"publish","type":"page","link":"https:\/\/www.kreislandfrauen-hannover.de\/?page_id=56","title":{"rendered":"Gehrden-Ronnenberg Veranstaltungen"},"content":{"rendered":"<div class=\"wp-block-image\">\n<figure class=\"aligncenter\"><img loading=\"lazy\" decoding=\"async\" width=\"498\" height=\"102\" src=\"https:\/\/www.kreislandfrauen-hannover.de\/wp-content\/uploads\/2019\/09\/g-logo.png\" alt=\"\" class=\"wp-image-541\" srcset=\"https:\/\/www.kreislandfrauen-hannover.de\/wp-content\/uploads\/2019\/09\/g-logo.png 498w, https:\/\/www.kreislandfrauen-hannover.de\/wp-content\/uploads\/2019\/09\/g-logo-300x61.png 300w\" sizes=\"auto, (max-width: 498px) 100vw, 498px\" \/><\/figure>\n<\/div>\n\n\n<hr class=\"wp-block-separator has-css-opacity is-style-wide\"\/>\n\n\n\n<h2 class=\"wp-block-heading has-text-align-center\" id=\"veranstaltungen\">Veranstaltungen<\/h2>\n\n\n\n<h2 class=\"wp-block-heading has-text-align-center\"><strong>&nbsp;&nbsp;&nbsp;&nbsp;&nbsp;&nbsp; <br>\u00c4nderungen vorbehalten!<\/strong><\/h2>\n\n\n\n<p class=\"has-text-align-center has-medium-font-size advgb-dyn-b8ad766b\"><strong>Zu allen Veranstaltungen ist eine Anmeldung erforderlich!<\/strong><\/p>\n\n\n\n<p class=\"has-text-align-center has-medium-font-size\"><strong>Wir bitten darum, sich grunds\u00e4tzlich bis 7 Tage vor der Veranstaltung anzumelden.<\/strong><\/p>\n\n\n\n<p class=\"has-text-align-center has-medium-font-size\"><strong>Eine sp\u00e4tere Anmeldung kann aus organisatorischen Gr\u00fcnden nicht ber\u00fccksichtigt werden.<\/strong><\/p>\n\n\n\n<p class=\"has-text-align-center has-medium-font-size\"><strong>Die Anmeldung ist verbindlich und bei Nichtteilnahme sind die entstandenen Kosten zu tragen.<\/strong><\/p>\n\n\n\n<p class=\"has-text-align-center has-medium-font-size\"><strong>Es ist m\u00f6glich, eine Ersatzperson f\u00fcr die Veranstaltung zu benennen.<\/strong><\/p>\n\n\n\n<hr class=\"wp-block-separator has-alpha-channel-opacity is-style-wide\"\/>\n\n\n\n<hr class=\"wp-block-separator has-css-opacity is-style-wide\"\/>\n\n\n\n<p class=\"has-medium-font-size\"><strong>Fahrten<\/strong>:<strong><span class=\"has-inline-color has-vivid-red-color\"><\/span><\/strong><\/p>\n\n\n\n<figure class=\"wp-block-table has-medium-font-size\"><table><tbody><tr><td class=\"has-text-align-center\" data-align=\"center\"><strong>Termin<\/strong><\/td><td class=\"has-text-align-center\" data-align=\"center\"><\/td><td class=\"has-text-align-center\" data-align=\"center\"><strong>Ziel<\/strong><\/td><\/tr><tr><td class=\"has-text-align-center\" data-align=\"center\"><strong>April 2026<\/strong><\/td><td class=\"has-text-align-center\" data-align=\"center\">2-Tagesfahrt<\/td><td class=\"has-text-align-center\" data-align=\"center\">K\u00f6ln<\/td><\/tr><tr><td class=\"has-text-align-center\" data-align=\"center\"><strong>Juni 2026<\/strong><\/td><td class=\"has-text-align-center\" data-align=\"center\">Mehrtagesfahrt<\/td><td class=\"has-text-align-center\" data-align=\"center\">Salzkammergut <\/td><\/tr><tr><td class=\"has-text-align-center\" data-align=\"center\"><strong>August 2026<\/strong><\/td><td class=\"has-text-align-center\" data-align=\"center\">Tagesfahrt<\/td><td class=\"has-text-align-center\" data-align=\"center\">L\u00fcneburger Heide<\/td><\/tr><\/tbody><\/table><\/figure>\n\n\n\n<div class=\"wp-block-group\"><div class=\"wp-block-group__inner-container is-layout-flow wp-block-group-is-layout-flow\">\n<p class=\"has-text-align-left has-medium-font-size\"><strong>Seminare und Besichtigungen:<\/strong><\/p>\n\n\n\n<figure class=\"wp-block-table\"><table class=\"has-fixed-layout\"><tbody><tr><td>\u00a0 <strong>\u00a0 April<\/strong><strong> 2026<\/strong><\/td><td>&nbsp; &nbsp; <strong>Calenberger Backstube<\/strong><\/td><\/tr><\/tbody><\/table><\/figure>\n\n\n\n<p class=\"has-text-align-center has-medium-font-size\"><span class=\"has-inline-color has-vivid-red-color\"><\/span><\/p>\n<\/div><\/div>\n\n\n\n<p>F\u00fcr alle oben genannten Besichtigungen etc. werden in den Versammlungen vorher Listen ausgelegt.<span class=\"has-inline-color has-vivid-red-color\"><\/span><\/p>\n\n\n\n<p>Unser komplettes Programm 2025\/2026 finden Sie <a href=\"https:\/\/www.kreislandfrauen-hannover.de\/wp-content\/uploads\/2025\/08\/Programm-2025-2026.pdf\">hier.<\/a><\/p>\n\n\n\n<hr class=\"wp-block-separator has-css-opacity is-style-wide\"\/>\n\n\n\n<p>\u00c4nderungen vorbehalten<br>Anmeldungen f\u00fcr alle Fahrten bitte schriftlich.<\/p>\n\n\n\n<p>Interessierte Frauen sind herzlich willkommen.<br>Schauen Sie doch einfach mal rein.<\/p>\n\n\n\n<p>Hier ist das Programm <a href=\"https:\/\/www.kreislandfrauen-hannover.de\/wp-content\/uploads\/2023\/08\/G-Programm23-24.pdf\">2024\/2025<\/a><\/p>\n\n\n\n<p>Hier ist das Programm <a href=\"https:\/\/www.kreislandfrauen-hannover.de\/wp-content\/uploads\/2023\/08\/G-Programm23-24.pdf\">2023\/2024<\/a><\/p>\n\n\n\n<p>Hier ist das Programm <a href=\"https:\/\/www.kreislandfrauen-hannover.de\/wp-content\/uploads\/2022\/07\/G-Programm22-23.pdf\">2022\/2023<\/a><\/p>\n\n\n\n<p>Hier ist das Programm&nbsp;<a rel=\"noreferrer noopener\" aria-label=\"2019\/2020 (\u00f6ffnet in neuem Tab)\" href=\"https:\/\/www.kreislandfrauen-hannover.de\/wp-content\/uploads\/2019\/09\/G-Programm-19-20.pdf\" target=\"_blank\">2019\/2020<\/a><br>Hier ist das Programm&nbsp;<a rel=\"noreferrer noopener\" aria-label=\"2018\/2019 (\u00f6ffnet in neuem Tab)\" href=\"https:\/\/www.kreislandfrauen-hannover.de\/wp-content\/uploads\/2019\/09\/G-Programm-2018-2019.pdf\" target=\"_blank\">2018\/2019<\/a><a rel=\"noreferrer noopener\" href=\"http:\/\/www.kreislandfrauen-hannover.de\/files\/G-Programm%202018-2019.pdf\" target=\"_blank\"><br><\/a>Hier ist das Programm <a rel=\"noreferrer noopener\" aria-label=\"2017\/2018 (\u00f6ffnet in neuem Tab)\" href=\"https:\/\/www.kreislandfrauen-hannover.de\/wp-content\/uploads\/2019\/09\/G-Programm-2017-2018.pdf\" target=\"_blank\">2017\/2018<\/a><br>Hier ist das Programm&nbsp;<a rel=\"noreferrer noopener\" aria-label=\"2016\/2017 (\u00f6ffnet in neuem Tab)\" href=\"https:\/\/www.kreislandfrauen-hannover.de\/wp-content\/uploads\/2019\/09\/G-Programm-2016-2017.pdf\" target=\"_blank\">2016\/2017<\/a><br>Hier ist das Programm&nbsp;<a rel=\"noreferrer noopener\" aria-label=\"2015\/2016 (\u00f6ffnet in neuem Tab)\" href=\"https:\/\/www.kreislandfrauen-hannover.de\/wp-content\/uploads\/2019\/09\/G-Programm-2015-2016.pdf\" target=\"_blank\">2015\/2016<\/a><br>Hier ist das Programm&nbsp;<a rel=\"noreferrer noopener\" aria-label=\"2014\/2015 (\u00f6ffnet in neuem Tab)\" href=\"https:\/\/www.kreislandfrauen-hannover.de\/wp-content\/uploads\/2019\/09\/G-Programm-2014-2015.pdf\" target=\"_blank\">2014\/2015<\/a><\/p>\n\n\n\n<hr class=\"wp-block-separator has-css-opacity is-style-wide\"\/>\n\n\n<div class=\"wp-block-image\">\n<figure class=\"aligncenter\"><img loading=\"lazy\" decoding=\"async\" width=\"50\" height=\"50\" src=\"https:\/\/www.kreislandfrauen-hannover.de\/wp-content\/uploads\/2019\/11\/leb-partner-e1573202496951.png\" alt=\"\" class=\"wp-image-1184\"\/><\/figure>\n<\/div>\n\n\n<p><em>Einige Veranstaltungen werden in Zusammenarbeit mit der LEB \u2013 Ihr Bildungspartner veranstaltet.<\/em><\/p>\n","protected":false},"excerpt":{"rendered":"<p>Veranstaltungen &nbsp;&nbsp;&nbsp;&nbsp;&nbsp;&nbsp; \u00c4nderungen vorbehalten! Zu allen Veranstaltungen ist eine Anmeldung erforderlich! Wir bitten darum, sich grunds\u00e4tzlich bis 7 Tage vor der Veranstaltung anzumelden. Eine sp\u00e4tere Anmeldung kann aus organisatorischen Gr\u00fcnden nicht ber\u00fccksichtigt werden. Die Anmeldung ist verbindlich und bei Nichtteilnahme sind die entstandenen Kosten zu tragen. Es ist m\u00f6glich, eine Ersatzperson f\u00fcr die Veranstaltung zu [&hellip;]<\/p>\n","protected":false},"author":1,"featured_media":0,"parent":0,"menu_order":0,"comment_status":"closed","ping_status":"closed","template":"","meta":{"advgb_blocks_editor_width":"","advgb_blocks_columns_visual_guide":"disable","footnotes":""},"class_list":["post-56","page","type-page","status-publish","hentry","entry"],"coauthors":[],"author_meta":{"author_link":"https:\/\/www.kreislandfrauen-hannover.de\/?author=1","display_name":"admin"},"relative_dates":{"created":"Ver\u00f6ffentlicht 7\u00a0Jahren vor","modified":"Aktualisiert 3\u00a0Wochen vor"},"absolute_dates":{"created":"Ver\u00f6ffentlicht am 26. September 2019","modified":"Aktualisiert am 16. April 2026"},"absolute_dates_time":{"created":"Ver\u00f6ffentlicht am 26. September 2019 9:20 a.m.","modified":"Aktualisiert am 16. April 2026 1:05 p.m."},"featured_img_caption":"","featured_img":false,"series_order":"","_links":{"self":[{"href":"https:\/\/www.kreislandfrauen-hannover.de\/index.php?rest_route=\/wp\/v2\/pages\/56","targetHints":{"allow":["GET"]}}],"collection":[{"href":"https:\/\/www.kreislandfrauen-hannover.de\/index.php?rest_route=\/wp\/v2\/pages"}],"about":[{"href":"https:\/\/www.kreislandfrauen-hannover.de\/index.php?rest_route=\/wp\/v2\/types\/page"}],"author":[{"embeddable":true,"href":"https:\/\/www.kreislandfrauen-hannover.de\/index.php?rest_route=\/wp\/v2\/users\/1"}],"replies":[{"embeddable":true,"href":"https:\/\/www.kreislandfrauen-hannover.de\/index.php?rest_route=%2Fwp%2Fv2%2Fcomments&post=56"}],"version-history":[{"count":169,"href":"https:\/\/www.kreislandfrauen-hannover.de\/index.php?rest_route=\/wp\/v2\/pages\/56\/revisions"}],"predecessor-version":[{"id":8476,"href":"https:\/\/www.kreislandfrauen-hannover.de\/index.php?rest_route=\/wp\/v2\/pages\/56\/revisions\/8476"}],"wp:attachment":[{"href":"https:\/\/www.kreislandfrauen-hannover.de\/index.php?rest_route=%2Fwp%2Fv2%2Fmedia&parent=56"}],"curies":[{"name":"wp","href":"https:\/\/api.w.org\/{rel}","templated":true}]}}