{"id":48,"date":"2019-09-26T09:19:25","date_gmt":"2019-09-26T07:19:25","guid":{"rendered":"https:\/\/tecwin.de\/cms-wp\/?page_id=48"},"modified":"2026-02-17T21:51:09","modified_gmt":"2026-02-17T20:51:09","slug":"engelbostel-dies-und-das","status":"publish","type":"page","link":"https:\/\/www.kreislandfrauen-hannover.de\/?page_id=48","title":{"rendered":"Engelbostel Dies und Das"},"content":{"rendered":"\n<h2 class=\"wp-block-heading\"><\/h2>\n\n\n\n<h2 class=\"wp-block-heading has-text-align-center\">Dies und Das<\/h2>\n\n\n<div class=\"wp-block-image\">\n<figure class=\"aligncenter\"><img loading=\"lazy\" decoding=\"async\" width=\"498\" height=\"102\" src=\"https:\/\/www.kreislandfrauen-hannover.de\/wp-content\/uploads\/2019\/09\/e-logo.png\" alt=\"\" class=\"wp-image-540\" srcset=\"https:\/\/www.kreislandfrauen-hannover.de\/wp-content\/uploads\/2019\/09\/e-logo.png 498w, https:\/\/www.kreislandfrauen-hannover.de\/wp-content\/uploads\/2019\/09\/e-logo-300x61.png 300w\" sizes=\"auto, (max-width: 498px) 100vw, 498px\" \/><\/figure>\n<\/div>\n\n\n<hr class=\"wp-block-separator has-css-opacity is-style-wide\"\/>\n\n\n\n<p><strong>Januar 2026<\/strong><\/p>\n\n\n\n<p><strong>Dezember 2025<\/strong>, Weihnachtskonzert<\/p>\n\n\n\n<p><strong>Sonntag, 30.11.2025, 13.00 Uhr,<\/strong> Gemeindehaus, Engelbostel, Weihnachtsmarkt, Kaffeestube<\/p>\n\n\n\n<p><strong>Donnerstag, 04.11.2025, 17.00 Uhr,<\/strong> Gasthaus Tegtmeyer, Engelbostel, Vortrag, Wilhelm Busch in Szene gesetzt mit Ref. Herr von Sassen<\/p>\n\n\n\n<p><strong>Donnerstag, 20.10.2025, 18.00 Uhr,<\/strong>Gasthaus Tegtmeyer, Engelbostel, Vortrag, 40 Jahre auf Achse durch Asien von Ref. A. Pr\u00f6ve<\/p>\n\n\n\n<p><strong>Donnerstag, 21.09.2025, 10.00 Uhr<\/strong>, Gasthaus Tegtmeyer, Engelbostel, Hegermarkt<\/p>\n\n\n\n<p><strong>Donnerstag, 04.09.2025, 18.00 Uhr<\/strong>, Gasthaus Tegtmeyer, Engelbostel, Vortrag, Islam und Nahost-Konflikt vonRef. Wolfgang Borchardt<\/p>\n\n\n\n<p><strong>Donnerstag, 21.08.2025, 09.30 Uhr<\/strong>, Tagesfahrt<\/p>\n\n\n\n<p><strong>Sonntag, 22.06.2025, 10.00 Uhr, <\/strong>Engelbostel, Planwagenfahrt<\/p>\n\n\n\n<p><strong>Dienstag, 20.05.2025, 18.00 Uhr, <\/strong>Gasthaus Tegtmeyer, Engelbostel, Vortrag, Phantomzeichner Ref. Dirk Scheerle<\/p>\n\n\n\n<p><strong>Donnerstag, 24.04.2025, 09.30 Uhr,<\/strong> Engelbostel, Halbtagesfahrt, Hannover Nord und Hinter den Kulissen der Rennbahn<br>mit Frau Eckhardt<\/p>\n\n\n\n<p><strong>Mittwoch, 19.03.2025, 18.00 Uhr, <\/strong>Gasthaus Tegtmeyer, Engelbostel, <br>Vortrag &#8222;Ganz Langenhagen ist ein Museum&#8220; Ref. Joachim Vogler<\/p>\n\n\n\n<p><strong>Donnerstag, 20.02.2025, 18.00 Uhr, <\/strong>Gasthaus Tegtmeyer, Engelbostel, Jahreshauptversammlung<\/p>\n\n\n\n<p><strong>Dienstag, 14.01.2025, 17.00 Uhr, <\/strong>Gasthaus Tegtmeyer, Vortrag: ganzheitliches Ged\u00e4chtnistraining, Referentin Frau Teichmann.<br>In gem\u00fctlicher Rund erkl\u00e4rte Frau Teichmann ca. 30 Landfrauen wie das Ged\u00e4chtnis funktioniert und wie es trainiert werden kann. Es gab eine beeindruckende Eselsbr\u00fcckengeschichte um die 13 US Pr\u00e4sidenten sich zu merken.<\/p>\n\n\n\n<p><strong>Donnerstag, 19.12.2024, 18.00 Uhr<\/strong>, Im Eikhof 9, Engelbostel, lebendiger Adventskalender<\/p>\n\n\n\n<p><strong>Samstag, 30.11.2024, 09.30 Uhr<\/strong>, Gasthaus Tegtmeyer, Engelbostel, Weihnachtsfr\u00fchst\u00fcck mit den lustigen Oldies<\/p>\n\n\n\n<p><strong>Dienstag, 12.11.2024, 18.00 Uhr<\/strong>, Gasthaus Tegtmeyer, Engelbostel, Bildervortrag <strong>die Perlen des Baltikums<\/strong><\/p>\n\n\n\n<p><strong>Freitag, 18.10.2024, 17.00 Uhr<\/strong>, Gasthaus Tegtmeyer, Engelbostel, <strong>Von Marlene Dietrich bis Helene Fischer<\/strong><br>Ref. Herr Borchardt<\/p>\n\n\n\n<p><strong>Sonntag, 15.09.2024, 10.00 Uhr<\/strong> Hegermarkt auf dem Hof des Gasthauses Tegtmeyer<\/p>\n\n\n\n<p><strong>Sonntag, 07.07.2024, 10.00 Uhr<\/strong>, Fahrradtour mit anschlie\u00dfender Einkehr in Seelze im Hafenblick<\/p>\n\n\n\n<p><strong>Donnerstag, 27.06.2024, 18.00 Uhr<\/strong> Gasthaus Tegtmeyer, Engelbostel, Lesung mit Stand&nbsp;Up Comedy, <strong>\u201eKlotzen statt kleckern\u201c<\/strong>&nbsp;\u2013 Ref. Katrin Iskam<\/p>\n\n\n\n<p><strong>Freitag, 31.05.2024, 18.00 Uhr<\/strong> Gasthaus Tegtmeyer, Engelbostel, Vortrag, <strong>\u201ew\u00fcrzig und gesund durch\u2019s Jahr\u201c<\/strong>&nbsp;\u2013<br>Ref. Viola Vierk und Tobias Br\u00fcning vom Gew\u00fcrzmuseum Hamburg<\/p>\n\n\n\n<figure class=\"wp-block-gallery has-nested-images columns-default is-cropped wp-block-gallery-1 is-layout-flex wp-block-gallery-is-layout-flex\">\n<figure class=\"wp-block-image size-large\"><img loading=\"lazy\" decoding=\"async\" width=\"1024\" height=\"768\" data-id=\"7376\" src=\"https:\/\/www.kreislandfrauen-hannover.de\/wp-content\/uploads\/2024\/09\/IMG_9625-1024x768.jpg\" alt=\"\" class=\"wp-image-7376\" srcset=\"https:\/\/www.kreislandfrauen-hannover.de\/wp-content\/uploads\/2024\/09\/IMG_9625-1024x768.jpg 1024w, https:\/\/www.kreislandfrauen-hannover.de\/wp-content\/uploads\/2024\/09\/IMG_9625-300x225.jpg 300w, https:\/\/www.kreislandfrauen-hannover.de\/wp-content\/uploads\/2024\/09\/IMG_9625-768x576.jpg 768w, https:\/\/www.kreislandfrauen-hannover.de\/wp-content\/uploads\/2024\/09\/IMG_9625-1536x1152.jpg 1536w, https:\/\/www.kreislandfrauen-hannover.de\/wp-content\/uploads\/2024\/09\/IMG_9625-2048x1536.jpg 2048w\" sizes=\"auto, (max-width: 1024px) 100vw, 1024px\" \/><\/figure>\n\n\n\n<figure class=\"wp-block-image size-large\"><img loading=\"lazy\" decoding=\"async\" width=\"1024\" height=\"768\" data-id=\"7374\" src=\"https:\/\/www.kreislandfrauen-hannover.de\/wp-content\/uploads\/2024\/09\/IMG_9623-1024x768.jpg\" alt=\"\" class=\"wp-image-7374\" srcset=\"https:\/\/www.kreislandfrauen-hannover.de\/wp-content\/uploads\/2024\/09\/IMG_9623-1024x768.jpg 1024w, https:\/\/www.kreislandfrauen-hannover.de\/wp-content\/uploads\/2024\/09\/IMG_9623-300x225.jpg 300w, https:\/\/www.kreislandfrauen-hannover.de\/wp-content\/uploads\/2024\/09\/IMG_9623-768x576.jpg 768w, https:\/\/www.kreislandfrauen-hannover.de\/wp-content\/uploads\/2024\/09\/IMG_9623-1536x1152.jpg 1536w, https:\/\/www.kreislandfrauen-hannover.de\/wp-content\/uploads\/2024\/09\/IMG_9623-2048x1536.jpg 2048w\" sizes=\"auto, (max-width: 1024px) 100vw, 1024px\" \/><\/figure>\n\n\n\n<figure class=\"wp-block-image size-large\"><img loading=\"lazy\" decoding=\"async\" width=\"768\" height=\"1024\" data-id=\"7373\" src=\"https:\/\/www.kreislandfrauen-hannover.de\/wp-content\/uploads\/2024\/09\/IMG_9626-768x1024.jpg\" alt=\"\" class=\"wp-image-7373\" srcset=\"https:\/\/www.kreislandfrauen-hannover.de\/wp-content\/uploads\/2024\/09\/IMG_9626-768x1024.jpg 768w, https:\/\/www.kreislandfrauen-hannover.de\/wp-content\/uploads\/2024\/09\/IMG_9626-225x300.jpg 225w, https:\/\/www.kreislandfrauen-hannover.de\/wp-content\/uploads\/2024\/09\/IMG_9626-1152x1536.jpg 1152w, https:\/\/www.kreislandfrauen-hannover.de\/wp-content\/uploads\/2024\/09\/IMG_9626-1536x2048.jpg 1536w, https:\/\/www.kreislandfrauen-hannover.de\/wp-content\/uploads\/2024\/09\/IMG_9626-scaled.jpg 1920w\" sizes=\"auto, (max-width: 768px) 100vw, 768px\" \/><\/figure>\n<\/figure>\n\n\n\n<p><strong>Donnerstag, 25.04.2024, 12.30 Uhr<\/strong> Halbtagesfahrt, <strong>\u201eAb in den Deister\u201c<\/strong>&nbsp;\u2013 mit Frau Eckhardt<\/p>\n\n\n\n<p><strong>Montag, 18.03.2024, 18.00 Uhr<\/strong> Gasthaus Tegtmeyer, Engelbostel, Bildervortrag, <strong>\u201eAuf der Suche nach Gl\u00fcck\u201c<\/strong>&nbsp;\u2013<br>Ref. Christel Hoppe\/ Ingo Rintow<\/p>\n\n\n\n<figure class=\"wp-block-gallery has-nested-images columns-default is-cropped wp-block-gallery-2 is-layout-flex wp-block-gallery-is-layout-flex\">\n<figure class=\"wp-block-image size-large\"><img loading=\"lazy\" decoding=\"async\" width=\"1024\" height=\"768\" data-id=\"7372\" src=\"https:\/\/www.kreislandfrauen-hannover.de\/wp-content\/uploads\/2024\/09\/IMG_9076-1024x768.jpg\" alt=\"\" class=\"wp-image-7372\" srcset=\"https:\/\/www.kreislandfrauen-hannover.de\/wp-content\/uploads\/2024\/09\/IMG_9076-1024x768.jpg 1024w, https:\/\/www.kreislandfrauen-hannover.de\/wp-content\/uploads\/2024\/09\/IMG_9076-300x225.jpg 300w, https:\/\/www.kreislandfrauen-hannover.de\/wp-content\/uploads\/2024\/09\/IMG_9076-768x576.jpg 768w, https:\/\/www.kreislandfrauen-hannover.de\/wp-content\/uploads\/2024\/09\/IMG_9076-1536x1152.jpg 1536w, https:\/\/www.kreislandfrauen-hannover.de\/wp-content\/uploads\/2024\/09\/IMG_9076-2048x1536.jpg 2048w\" sizes=\"auto, (max-width: 1024px) 100vw, 1024px\" \/><\/figure>\n<\/figure>\n\n\n\n<p><strong>Dienstag, 20.02.2024, 18.00 Uhr <\/strong>Gasthaus Tegtmeyer, Engelbostel, Jahreshauptversammlung<\/p>\n\n\n\n<figure class=\"wp-block-image size-large\"><img loading=\"lazy\" decoding=\"async\" width=\"1024\" height=\"768\" src=\"https:\/\/www.kreislandfrauen-hannover.de\/wp-content\/uploads\/2024\/09\/IMG_8896-1024x768.jpg\" alt=\"\" class=\"wp-image-7370\" srcset=\"https:\/\/www.kreislandfrauen-hannover.de\/wp-content\/uploads\/2024\/09\/IMG_8896-1024x768.jpg 1024w, https:\/\/www.kreislandfrauen-hannover.de\/wp-content\/uploads\/2024\/09\/IMG_8896-300x225.jpg 300w, https:\/\/www.kreislandfrauen-hannover.de\/wp-content\/uploads\/2024\/09\/IMG_8896-768x576.jpg 768w, https:\/\/www.kreislandfrauen-hannover.de\/wp-content\/uploads\/2024\/09\/IMG_8896-1536x1152.jpg 1536w, https:\/\/www.kreislandfrauen-hannover.de\/wp-content\/uploads\/2024\/09\/IMG_8896-2048x1536.jpg 2048w\" sizes=\"auto, (max-width: 1024px) 100vw, 1024px\" \/><\/figure>\n\n\n\n<p><strong>Montag, 22.01.2024, 15.00 Uhr<\/strong> Gasthaus Tegtmeyer, Engelbostel, Kl\u00f6nnachmittag; Kaffeeklatsch<\/p>\n\n\n\n<p><\/p>\n\n\n\n<p><\/p>\n","protected":false},"excerpt":{"rendered":"<p>Dies und Das Januar 2026 Dezember 2025, Weihnachtskonzert Sonntag, 30.11.2025, 13.00 Uhr, Gemeindehaus, Engelbostel, Weihnachtsmarkt, Kaffeestube Donnerstag, 04.11.2025, 17.00 Uhr, Gasthaus Tegtmeyer, Engelbostel, Vortrag, Wilhelm Busch in Szene gesetzt mit Ref. Herr von Sassen Donnerstag, 20.10.2025, 18.00 Uhr,Gasthaus Tegtmeyer, Engelbostel, Vortrag, 40 Jahre auf Achse durch Asien von Ref. A. Pr\u00f6ve Donnerstag, 21.09.2025, 10.00 Uhr, [&hellip;]<\/p>\n","protected":false},"author":5,"featured_media":0,"parent":0,"menu_order":0,"comment_status":"closed","ping_status":"closed","template":"","meta":{"advgb_blocks_editor_width":"","advgb_blocks_columns_visual_guide":"","footnotes":""},"class_list":["post-48","page","type-page","status-publish","hentry","entry"],"coauthors":[],"author_meta":{"author_link":"https:\/\/www.kreislandfrauen-hannover.de\/?author=5","display_name":"Engelbostel"},"relative_dates":{"created":"Ver\u00f6ffentlicht 7\u00a0Jahren vor","modified":"Aktualisiert 3\u00a0Monaten vor"},"absolute_dates":{"created":"Ver\u00f6ffentlicht am 26. September 2019","modified":"Aktualisiert am 17. Februar 2026"},"absolute_dates_time":{"created":"Ver\u00f6ffentlicht am 26. September 2019 9:19 a.m.","modified":"Aktualisiert am 17. Februar 2026 9:51 p.m."},"featured_img_caption":"","featured_img":false,"series_order":"","_links":{"self":[{"href":"https:\/\/www.kreislandfrauen-hannover.de\/index.php?rest_route=\/wp\/v2\/pages\/48","targetHints":{"allow":["GET"]}}],"collection":[{"href":"https:\/\/www.kreislandfrauen-hannover.de\/index.php?rest_route=\/wp\/v2\/pages"}],"about":[{"href":"https:\/\/www.kreislandfrauen-hannover.de\/index.php?rest_route=\/wp\/v2\/types\/page"}],"author":[{"embeddable":true,"href":"https:\/\/www.kreislandfrauen-hannover.de\/index.php?rest_route=\/wp\/v2\/users\/5"}],"replies":[{"embeddable":true,"href":"https:\/\/www.kreislandfrauen-hannover.de\/index.php?rest_route=%2Fwp%2Fv2%2Fcomments&post=48"}],"version-history":[{"count":49,"href":"https:\/\/www.kreislandfrauen-hannover.de\/index.php?rest_route=\/wp\/v2\/pages\/48\/revisions"}],"predecessor-version":[{"id":8319,"href":"https:\/\/www.kreislandfrauen-hannover.de\/index.php?rest_route=\/wp\/v2\/pages\/48\/revisions\/8319"}],"wp:attachment":[{"href":"https:\/\/www.kreislandfrauen-hannover.de\/index.php?rest_route=%2Fwp%2Fv2%2Fmedia&parent=48"}],"curies":[{"name":"wp","href":"https:\/\/api.w.org\/{rel}","templated":true}]}}