{"id":46,"date":"2019-09-26T09:19:07","date_gmt":"2019-09-26T07:19:07","guid":{"rendered":"https:\/\/tecwin.de\/cms-wp\/?page_id=46"},"modified":"2026-02-17T22:09:42","modified_gmt":"2026-02-17T21:09:42","slug":"engelbostel-veranstaltungen","status":"publish","type":"page","link":"https:\/\/www.kreislandfrauen-hannover.de\/?page_id=46","title":{"rendered":"Engelbostel Veranstaltungen"},"content":{"rendered":"\n<figure class=\"wp-block-image\"><img loading=\"lazy\" decoding=\"async\" width=\"498\" height=\"102\" src=\"https:\/\/www.kreislandfrauen-hannover.de\/wp-content\/uploads\/2019\/09\/e-logo.png\" alt=\"\" class=\"wp-image-540\" srcset=\"https:\/\/www.kreislandfrauen-hannover.de\/wp-content\/uploads\/2019\/09\/e-logo.png 498w, https:\/\/www.kreislandfrauen-hannover.de\/wp-content\/uploads\/2019\/09\/e-logo-300x61.png 300w\" sizes=\"auto, (max-width: 498px) 100vw, 498px\" \/><\/figure>\n\n\n\n<table class=\"wp-block-advgb-table advgb-table-frontend\"><tbody><tr><td><strong>Datum, Uhrzeit<br>Veranstaltungsort<\/strong><\/td><td><strong>Art der<br>Veranstaltung<\/strong><\/td><td><strong>Thema<br>Referent (in<\/strong>)<\/td><\/tr><tr><td><strong>Donnerstag, 19.02.2026, 18.00 Uhr<br><\/strong>Gasthaus Tegtmeyer, Engelbostel<\/td><td>Jahreshauptversammlung <br>und Vortrag<\/td><td><br><br>Judentum<br>Ref. Wolfgang Borchardt<\/td><\/tr><tr><td><strong>Donnerstag, 19.03.2026, <br><\/strong>Gasthaus Tegtmeyer, Engelbostel<\/td><td>Halbtagesfahrt<\/td><td>f\u00e4llt aus, alternative in Arbeit<\/td><\/tr><tr><td><strong>Sonntag, 12.04.2026, <\/strong><br><br><strong>Montag, 20.04.2026,<br><\/strong>Gasthaus Tegtmeyer, Engelbostel<\/td><td>Ausflug<br><br>Vortrag<br><\/td><td>Theater Schneeren<br><br>&#8222;Effi Briest&#8220;<br>Ref. Wolfgang Nieschalk<\/td><\/tr><tr><td><strong>Mittwoch, 27.05.2026, 17 Uhr<br><\/strong>FABI Hannover<\/td><td>Kreativ<\/td><td>Gesundes Kochen Fr\u00fchlingsk\u00fcche<\/td><\/tr><tr><td><strong>Juni 2026<br><br>Freitag, 05.06.2026, 17 Uhr<\/strong><br>FABI Hannover<\/td><td>Kreativ<br><br>Kreativ<br><\/td><td>Korn schneiden f\u00fcr Erntekrone<br><br>Gesundes Kochen Fr\u00fchlingsk\u00fcche<br><\/td><\/tr><tr><td><strong>Mittwoch, 08.07.2026, 14 Uhr<\/strong><\/td><td>Halbtagesfahrt<\/td><td>Besuch des Klosterstollen in Barsinghauen<br>mit anschlie\u00dfendem Kaffee trinken<\/td><\/tr><tr><td><strong>Samstag, 22.08.2026, 14 Uhr<\/strong><\/td><td>Ausflug<\/td><td>F\u00fchrung Hemme-Milch mit anschlie\u00dfendem <br>Kaffee trinken<\/td><\/tr><tr><td><strong>Sonntag, 20.09.2026<\/strong><br>Gasthof Tegtmeyer<br><br><strong>September 2026<br><br>September 2026<\/strong><\/td><td>Markt<br><br><br>Halbtagesfahrt<br><br>Kreativ<\/td><td>Hegermarkt<br><br><br>Besuch der Landesgartenschau Bad Nenndorf<br><br>Erntekrone binden<\/td><\/tr><tr><td><strong>Mittwoch, 28.10.2026, 18 Uhr<\/strong><br>Gasthof Tegtmeyer<\/td><td>Vortrag<\/td><td>&#8222;S\u00fcdtirol&#8220; <br>Ref. Andree Ehrhardt<\/td><\/tr><tr><td><strong>Mittwoch, 12.11.2026, 18.00 Uhr<br><\/strong>Engelbostel<\/td><td>Kreativ<\/td><td>Basteln mit Sabine, Gl\u00fchwein und Kekse<\/td><\/tr><tr><td><strong>Samstag, 05.12.2026 11 Uhr<\/strong><\/td><td>Tagesfahrt<\/td><td>Besuch des Weihnachtsmarktes &#8220; Gut Basthorst&#8220;<\/td><\/tr><\/tbody><\/table>\n\n\n\n<hr class=\"wp-block-separator has-css-opacity is-style-wide advgb-dyn-837e6e76\"\/>\n\n\n\n<h2 class=\"wp-block-heading has-text-align-center\">Veranstaltungen<\/h2>\n\n\n\n<p><\/p>\n\n\n\n<p>Alle Veranstaltungen finden unter den gesetzlich vorgeschriebenen Hygienema\u00dfnahmen statt.<\/p>\n\n\n\n<hr class=\"wp-block-separator has-css-opacity is-style-wide advgb-dyn-837e6e76\"\/>\n\n\n\n<p>Anmeldung bitte 5 Tage vorher bei den Ortsvertreterinnen, soweit nichts anderes angegeben ist.<br>*   im DGH Schulenburg bitte Gedeck mitbringen<br>Alle Veranstaltungen finden in Zusammenarbeit mit der LEB statt.<\/p>\n\n\n\n<p><strong>Interessierte Frauen sind herzlich willkommen !!!<\/strong><\/p>\n\n\n\n<hr class=\"wp-block-separator has-css-opacity is-style-wide advgb-dyn-837e6e76\"\/>\n\n\n<div class=\"wp-block-image\">\n<figure class=\"aligncenter advgb-dyn-0aab3279\"><img loading=\"lazy\" decoding=\"async\" width=\"50\" height=\"50\" src=\"https:\/\/www.kreislandfrauen-hannover.de\/wp-content\/uploads\/2019\/11\/leb-partner-e1573202496951.png\" alt=\"\" class=\"wp-image-1184\"\/><\/figure>\n<\/div>\n\n\n<p><em>Einige Veranstaltungen werden in Zusammenarbeit mit der LEB \u2013 Ihr Bildungspartner veranstaltet.<\/em><\/p>\n","protected":false},"excerpt":{"rendered":"<p>Veranstaltungen Alle Veranstaltungen finden unter den gesetzlich vorgeschriebenen Hygienema\u00dfnahmen statt. Anmeldung bitte 5 Tage vorher bei den Ortsvertreterinnen, soweit nichts anderes angegeben ist.* im DGH Schulenburg bitte Gedeck mitbringenAlle Veranstaltungen finden in Zusammenarbeit mit der LEB statt. Interessierte Frauen sind herzlich willkommen !!! Einige Veranstaltungen werden in Zusammenarbeit mit der LEB \u2013 Ihr Bildungspartner veranstaltet.<\/p>\n","protected":false},"author":5,"featured_media":0,"parent":0,"menu_order":0,"comment_status":"closed","ping_status":"closed","template":"","meta":{"advgb_blocks_editor_width":"","advgb_blocks_columns_visual_guide":"","footnotes":""},"class_list":["post-46","page","type-page","status-publish","hentry","entry"],"coauthors":[],"author_meta":{"author_link":"https:\/\/www.kreislandfrauen-hannover.de\/?author=5","display_name":"Engelbostel"},"relative_dates":{"created":"Ver\u00f6ffentlicht 7\u00a0Jahren vor","modified":"Aktualisiert 2\u00a0Monaten vor"},"absolute_dates":{"created":"Ver\u00f6ffentlicht am 26. September 2019","modified":"Aktualisiert am 17. Februar 2026"},"absolute_dates_time":{"created":"Ver\u00f6ffentlicht am 26. September 2019 9:19 a.m.","modified":"Aktualisiert am 17. Februar 2026 10:09 p.m."},"featured_img_caption":"","featured_img":false,"series_order":"","_links":{"self":[{"href":"https:\/\/www.kreislandfrauen-hannover.de\/index.php?rest_route=\/wp\/v2\/pages\/46","targetHints":{"allow":["GET"]}}],"collection":[{"href":"https:\/\/www.kreislandfrauen-hannover.de\/index.php?rest_route=\/wp\/v2\/pages"}],"about":[{"href":"https:\/\/www.kreislandfrauen-hannover.de\/index.php?rest_route=\/wp\/v2\/types\/page"}],"author":[{"embeddable":true,"href":"https:\/\/www.kreislandfrauen-hannover.de\/index.php?rest_route=\/wp\/v2\/users\/5"}],"replies":[{"embeddable":true,"href":"https:\/\/www.kreislandfrauen-hannover.de\/index.php?rest_route=%2Fwp%2Fv2%2Fcomments&post=46"}],"version-history":[{"count":57,"href":"https:\/\/www.kreislandfrauen-hannover.de\/index.php?rest_route=\/wp\/v2\/pages\/46\/revisions"}],"predecessor-version":[{"id":8321,"href":"https:\/\/www.kreislandfrauen-hannover.de\/index.php?rest_route=\/wp\/v2\/pages\/46\/revisions\/8321"}],"wp:attachment":[{"href":"https:\/\/www.kreislandfrauen-hannover.de\/index.php?rest_route=%2Fwp%2Fv2%2Fmedia&parent=46"}],"curies":[{"name":"wp","href":"https:\/\/api.w.org\/{rel}","templated":true}]}}