{"id":44,"date":"2019-09-26T09:18:53","date_gmt":"2019-09-26T07:18:53","guid":{"rendered":"https:\/\/tecwin.de\/cms-wp\/?page_id=44"},"modified":"2023-08-28T08:16:21","modified_gmt":"2023-08-28T06:16:21","slug":"engelbostel-und-umgebung","status":"publish","type":"page","link":"https:\/\/www.kreislandfrauen-hannover.de\/?page_id=44","title":{"rendered":"Engelbostel und Umgebung"},"content":{"rendered":"<div class=\"wp-block-image\">\n<figure class=\"aligncenter\"><img loading=\"lazy\" decoding=\"async\" width=\"498\" height=\"102\" src=\"https:\/\/www.kreislandfrauen-hannover.de\/wp-content\/uploads\/2019\/09\/e-logo.png\" alt=\"\" class=\"wp-image-540\" srcset=\"https:\/\/www.kreislandfrauen-hannover.de\/wp-content\/uploads\/2019\/09\/e-logo.png 498w, https:\/\/www.kreislandfrauen-hannover.de\/wp-content\/uploads\/2019\/09\/e-logo-300x61.png 300w\" sizes=\"auto, (max-width: 498px) 100vw, 498px\" \/><\/figure>\n<\/div>\n\n\n<hr class=\"wp-block-separator has-css-opacity is-style-wide\"\/>\n\n\n\n<h2 class=\"wp-block-heading has-text-align-center advgb-dyn-8d321054\"><strong>Herzlich Willkommen auf unserer Website!<\/strong><\/h2>\n\n\n\n<hr class=\"wp-block-separator has-css-opacity is-style-wide\"\/>\n\n\n\n<p>Sie befinden sich im Norden der Landeshauptstadt Hannover.<\/p>\n\n\n\n<figure class=\"wp-block-gallery has-nested-images columns-4 is-cropped wp-block-gallery-1 is-layout-flex wp-block-gallery-is-layout-flex\">\n<figure class=\"wp-block-image size-large\"><img loading=\"lazy\" decoding=\"async\" width=\"400\" height=\"300\" data-id=\"242\" src=\"https:\/\/www.kreislandfrauen-hannover.de\/wp-content\/uploads\/2019\/09\/e-Engelbostel.jpg\" alt=\"\" class=\"wp-image-242\" srcset=\"https:\/\/www.kreislandfrauen-hannover.de\/wp-content\/uploads\/2019\/09\/e-Engelbostel.jpg 400w, https:\/\/www.kreislandfrauen-hannover.de\/wp-content\/uploads\/2019\/09\/e-Engelbostel-300x225.jpg 300w\" sizes=\"auto, (max-width: 400px) 100vw, 400px\" \/><\/figure>\n\n\n\n<figure class=\"wp-block-image size-large\"><img loading=\"lazy\" decoding=\"async\" width=\"400\" height=\"300\" data-id=\"254\" src=\"https:\/\/www.kreislandfrauen-hannover.de\/wp-content\/uploads\/2019\/09\/e-Heitlingen.jpg\" alt=\"\" class=\"wp-image-254\" srcset=\"https:\/\/www.kreislandfrauen-hannover.de\/wp-content\/uploads\/2019\/09\/e-Heitlingen.jpg 400w, https:\/\/www.kreislandfrauen-hannover.de\/wp-content\/uploads\/2019\/09\/e-Heitlingen-300x225.jpg 300w\" sizes=\"auto, (max-width: 400px) 100vw, 400px\" \/><\/figure>\n\n\n\n<figure class=\"wp-block-image size-large\"><img loading=\"lazy\" decoding=\"async\" width=\"400\" height=\"533\" data-id=\"273\" src=\"https:\/\/www.kreislandfrauen-hannover.de\/wp-content\/uploads\/2019\/09\/e-Schulenburg.jpg\" alt=\"\" class=\"wp-image-273\" srcset=\"https:\/\/www.kreislandfrauen-hannover.de\/wp-content\/uploads\/2019\/09\/e-Schulenburg.jpg 400w, https:\/\/www.kreislandfrauen-hannover.de\/wp-content\/uploads\/2019\/09\/e-Schulenburg-225x300.jpg 225w\" sizes=\"auto, (max-width: 400px) 100vw, 400px\" \/><\/figure>\n\n\n\n<figure class=\"wp-block-image size-large\"><img loading=\"lazy\" decoding=\"async\" width=\"400\" height=\"300\" data-id=\"274\" src=\"https:\/\/www.kreislandfrauen-hannover.de\/wp-content\/uploads\/2019\/09\/e-Stelingen.jpg\" alt=\"\" class=\"wp-image-274\" srcset=\"https:\/\/www.kreislandfrauen-hannover.de\/wp-content\/uploads\/2019\/09\/e-Stelingen.jpg 400w, https:\/\/www.kreislandfrauen-hannover.de\/wp-content\/uploads\/2019\/09\/e-Stelingen-300x225.jpg 300w\" sizes=\"auto, (max-width: 400px) 100vw, 400px\" \/><\/figure>\n<\/figure>\n\n\n\n<p>Unser Verein besteht aus diesen vier Ortschaften mit z. Zt. 100 Mitgliedern. Wir treffen uns regelm\u00e4\u00dfig zu Vortragsveranstaltungen, kleinen und gro\u00dfen Reisen. Bei diesen Treffen stehen Informationen, Abwechslung und auch das gesellige Beisammensein im Vordergrund.<\/p>\n\n\n\n<p><strong>Interessierte Frauen sind jederzeit herzlich willkommen.<\/strong><br><strong>Schauen Sie doch einfach mal rein!<\/strong><\/p>\n","protected":false},"excerpt":{"rendered":"<p>Herzlich Willkommen auf unserer Website! Sie befinden sich im Norden der Landeshauptstadt Hannover. Unser Verein besteht aus diesen vier Ortschaften mit z. Zt. 100 Mitgliedern. Wir treffen uns regelm\u00e4\u00dfig zu Vortragsveranstaltungen, kleinen und gro\u00dfen Reisen. Bei diesen Treffen stehen Informationen, Abwechslung und auch das gesellige Beisammensein im Vordergrund. Interessierte Frauen sind jederzeit herzlich willkommen.Schauen Sie [&hellip;]<\/p>\n","protected":false},"author":5,"featured_media":0,"parent":0,"menu_order":0,"comment_status":"closed","ping_status":"closed","template":"","meta":{"advgb_blocks_editor_width":"","advgb_blocks_columns_visual_guide":"","footnotes":""},"class_list":["post-44","page","type-page","status-publish","hentry","entry"],"coauthors":[],"author_meta":{"author_link":"https:\/\/www.kreislandfrauen-hannover.de\/?author=5","display_name":"Engelbostel"},"relative_dates":{"created":"Ver\u00f6ffentlicht 7\u00a0Jahren vor","modified":"Aktualisiert 3\u00a0Jahren vor"},"absolute_dates":{"created":"Ver\u00f6ffentlicht am 26. September 2019","modified":"Aktualisiert am 28. August 2023"},"absolute_dates_time":{"created":"Ver\u00f6ffentlicht am 26. September 2019 9:18 a.m.","modified":"Aktualisiert am 28. August 2023 8:16 a.m."},"featured_img_caption":"","featured_img":false,"series_order":"","_links":{"self":[{"href":"https:\/\/www.kreislandfrauen-hannover.de\/index.php?rest_route=\/wp\/v2\/pages\/44","targetHints":{"allow":["GET"]}}],"collection":[{"href":"https:\/\/www.kreislandfrauen-hannover.de\/index.php?rest_route=\/wp\/v2\/pages"}],"about":[{"href":"https:\/\/www.kreislandfrauen-hannover.de\/index.php?rest_route=\/wp\/v2\/types\/page"}],"author":[{"embeddable":true,"href":"https:\/\/www.kreislandfrauen-hannover.de\/index.php?rest_route=\/wp\/v2\/users\/5"}],"replies":[{"embeddable":true,"href":"https:\/\/www.kreislandfrauen-hannover.de\/index.php?rest_route=%2Fwp%2Fv2%2Fcomments&post=44"}],"version-history":[{"count":39,"href":"https:\/\/www.kreislandfrauen-hannover.de\/index.php?rest_route=\/wp\/v2\/pages\/44\/revisions"}],"predecessor-version":[{"id":6424,"href":"https:\/\/www.kreislandfrauen-hannover.de\/index.php?rest_route=\/wp\/v2\/pages\/44\/revisions\/6424"}],"wp:attachment":[{"href":"https:\/\/www.kreislandfrauen-hannover.de\/index.php?rest_route=%2Fwp%2Fv2%2Fmedia&parent=44"}],"curies":[{"name":"wp","href":"https:\/\/api.w.org\/{rel}","templated":true}]}}