{"id":406,"date":"2019-09-27T09:00:56","date_gmt":"2019-09-27T07:00:56","guid":{"rendered":"https:\/\/tecwin.de\/cms-wp\/?page_id=406"},"modified":"2021-12-02T17:34:25","modified_gmt":"2021-12-02T16:34:25","slug":"gehrden-junge-landfrauen","status":"publish","type":"page","link":"https:\/\/www.kreislandfrauen-hannover.de\/?page_id=406","title":{"rendered":"Gehrden Junge Landfrauen"},"content":{"rendered":"\n<div class=\"wp-block-image\"><figure class=\"aligncenter\"><img loading=\"lazy\" decoding=\"async\" width=\"498\" height=\"102\" src=\"https:\/\/www.kreislandfrauen-hannover.de\/wp-content\/uploads\/2019\/09\/j-logo.png\" alt=\"\" class=\"wp-image-542\" srcset=\"https:\/\/www.kreislandfrauen-hannover.de\/wp-content\/uploads\/2019\/09\/j-logo.png 498w, https:\/\/www.kreislandfrauen-hannover.de\/wp-content\/uploads\/2019\/09\/j-logo-300x61.png 300w\" sizes=\"auto, (max-width: 498px) 100vw, 498px\" \/><\/figure><\/div>\n\n\n\n<hr class=\"wp-block-separator is-style-wide\"\/>\n\n\n\n<h2 class=\"has-text-align-center wp-block-heading\">Herzlich Willkommen bei den Jungen LandFrauen Gehrden-Ronnenberg!<\/h2>\n\n\n\n<h3 class=\"has-text-align-center wp-block-heading\"><strong> Kr\u00e4nze binden 27.11.2021 <\/strong><\/h3>\n\n\n\n<p><strong> Am 27.11 veranstalteten wir unsere vorweihnachtliche Aktion und haben uns zum Kr\u00e4nze binden zusammengefunden. Dies fand im kleinen Kreis statt und jeder durfte seiner Fantasie freien Lauf lassen. Mit ein wenig Anleitung durch eine erfahrene Hand kamen einige Kunstwerke zusammen.<\/strong><\/p>\n\n\n\n<p>Hier einige <a href=\"https:\/\/photos.app.goo.gl\/a2WnyAgtJYefv4Tz9\">Impressionen<\/a><\/p>\n\n\n\n<h3 class=\"has-text-align-center wp-block-heading\"> <strong>Weinregal bauen 18.09.2021<\/strong><\/h3>\n\n\n\n<p><strong>Am 18.09 veranstalteten wir unsere erste Aktion nach langer Pause und bauten zusammen Weinregale aus Paletten. Dies fand im kleinen Kreis statt und jeder durfte sich einmal handwerklich bet\u00e4tigen. Nach langem S\u00e4gen, Hammern und Schrauben kamen einige stabile und gleichzeitig h\u00fcbsche Regale zusammen. <\/strong><\/p>\n\n\n\n<p>Hier ein paar<a href=\"https:\/\/photos.app.goo.gl\/gYFm5mSvGMmfPRvK7\"> Impressionen <\/a><\/p>\n\n\n\n<h3 class=\"has-text-align-center wp-block-heading\">Weinprobe am 27.02.2020<\/h3>\n\n\n\n<p><strong>Am 27.02. veranstalteten wir eine Weinprobe mit Vorstellung verschiedener Weine aus Deutschland. Die Weinprobe fand im kleinen Kreis mit 15 Damen statt. Insgesamt konnten je drei Wei\u00dfweine und drei Rotweine sowie zwei Roseweine probiert werden. Nach der Vorstellung sa\u00dfen wir noch gem\u00fctlich zusammen um den Abend ausklingen zu lassen.<\/strong><\/p>\n\n\n\n<h3 class=\"has-text-align-center wp-block-heading\">Kr\u00e4nze Binden am 28.11.2019 <\/h3>\n\n\n\n<p><strong>Am 28.11. veranstalteten wir zur Vorbereitung auf die Adventszeit ein Kurs im Kr\u00e4nze binden mit Marion Behre. 15 interessierte Junge Landfrauen lie\u00dfen sich die verschiedenen Techniken erkl\u00e4ren und kreierten dann Ihre eigenen Kr\u00e4nze,<\/strong><\/p>\n\n\n\n<p>Fotos <a href=\"https:\/\/photos.app.goo.gl\/mLFBw6v3N1A7d2JQ6\">hier<\/a><\/p>\n\n\n\n<h2 class=\"has-text-align-center wp-block-heading\">R\u00fcckblick 2019<\/h2>\n\n\n\n<ul class=\"wp-block-list\"><li><strong>13.06. Cocktailkurs<\/strong><\/li><li><strong>26.07. Rosengarten Bad Gandersheim \u2013 Treffen mit den Jungen Landfrauen vor Ort<\/strong><\/li><li><strong>Monatlicher Stammtisch am letzten Donnerstag im Monat<\/strong><\/li><\/ul>\n\n\n\n<h2 class=\"has-text-align-center wp-block-heading\">Wie alles begann<\/h2>\n\n\n\n<p>Angefangen hat alles mit einem Treffen im April 2019 im Sportheim Holtensen, wo wir mit 22 interessierten jungen Frauen zusammengekommen sind, um erste Ideen auszutauschen. Nach der kurzfristigen Bildung eines Orga-Teams kommunizierten wir schnell die ersten Termine und haben uns seitdem einige Male getroffen.<\/p>\n\n\n\n<p>Willkommen ist jede, die Interesse an gemeinsamen Unternehmungen und einem geselligen Zusammensein hat.<\/p>\n\n\n\n<p>Bei Interesse k\u00f6nnt Ihr euch gerne unter 0172\/4236625 melden<\/p>\n","protected":false},"excerpt":{"rendered":"<p>Herzlich Willkommen bei den Jungen LandFrauen Gehrden-Ronnenberg! Kr\u00e4nze binden 27.11.2021 Am 27.11 veranstalteten wir unsere vorweihnachtliche Aktion und haben uns zum Kr\u00e4nze binden zusammengefunden. Dies fand im kleinen Kreis statt und jeder durfte seiner Fantasie freien Lauf lassen. Mit ein wenig Anleitung durch eine erfahrene Hand kamen einige Kunstwerke zusammen. Hier einige Impressionen Weinregal bauen [&hellip;]<\/p>\n","protected":false},"author":1,"featured_media":0,"parent":0,"menu_order":0,"comment_status":"closed","ping_status":"closed","template":"","meta":{"advgb_blocks_editor_width":"","advgb_blocks_columns_visual_guide":"","footnotes":""},"class_list":["post-406","page","type-page","status-publish","hentry","entry"],"coauthors":[],"author_meta":{"author_link":"https:\/\/www.kreislandfrauen-hannover.de\/?author=1","display_name":"admin"},"relative_dates":{"created":"Ver\u00f6ffentlicht 7\u00a0Jahren vor","modified":"Aktualisiert 4\u00a0Jahren vor"},"absolute_dates":{"created":"Ver\u00f6ffentlicht am 27. September 2019","modified":"Aktualisiert am 2. Dezember 2021"},"absolute_dates_time":{"created":"Ver\u00f6ffentlicht am 27. September 2019 9:00 a.m.","modified":"Aktualisiert am 2. Dezember 2021 5:34 p.m."},"featured_img_caption":"","featured_img":false,"series_order":"","_links":{"self":[{"href":"https:\/\/www.kreislandfrauen-hannover.de\/index.php?rest_route=\/wp\/v2\/pages\/406","targetHints":{"allow":["GET"]}}],"collection":[{"href":"https:\/\/www.kreislandfrauen-hannover.de\/index.php?rest_route=\/wp\/v2\/pages"}],"about":[{"href":"https:\/\/www.kreislandfrauen-hannover.de\/index.php?rest_route=\/wp\/v2\/types\/page"}],"author":[{"embeddable":true,"href":"https:\/\/www.kreislandfrauen-hannover.de\/index.php?rest_route=\/wp\/v2\/users\/1"}],"replies":[{"embeddable":true,"href":"https:\/\/www.kreislandfrauen-hannover.de\/index.php?rest_route=%2Fwp%2Fv2%2Fcomments&post=406"}],"version-history":[{"count":12,"href":"https:\/\/www.kreislandfrauen-hannover.de\/index.php?rest_route=\/wp\/v2\/pages\/406\/revisions"}],"predecessor-version":[{"id":4121,"href":"https:\/\/www.kreislandfrauen-hannover.de\/index.php?rest_route=\/wp\/v2\/pages\/406\/revisions\/4121"}],"wp:attachment":[{"href":"https:\/\/www.kreislandfrauen-hannover.de\/index.php?rest_route=%2Fwp%2Fv2%2Fmedia&parent=406"}],"curies":[{"name":"wp","href":"https:\/\/api.w.org\/{rel}","templated":true}]}}