{"id":36,"date":"2019-09-26T09:17:44","date_gmt":"2019-09-26T09:17:44","guid":{"rendered":"https:\/\/tecwin.de\/cms-wp\/?page_id=36"},"modified":"2026-04-16T07:56:16","modified_gmt":"2026-04-16T05:56:16","slug":"barsinghausen-veranstaltungen","status":"publish","type":"page","link":"https:\/\/www.kreislandfrauen-hannover.de\/?page_id=36","title":{"rendered":"Barsinghausen Veranstaltungen"},"content":{"rendered":"\n<figure class=\"wp-block-image\"><img loading=\"lazy\" decoding=\"async\" width=\"498\" height=\"102\" src=\"https:\/\/www.kreislandfrauen-hannover.de\/wp-content\/uploads\/2019\/09\/b-logo.png\" alt=\"\" class=\"wp-image-538\" srcset=\"https:\/\/www.kreislandfrauen-hannover.de\/wp-content\/uploads\/2019\/09\/b-logo.png 498w, https:\/\/www.kreislandfrauen-hannover.de\/wp-content\/uploads\/2019\/09\/b-logo-300x61.png 300w\" sizes=\"auto, (max-width: 498px) 100vw, 498px\" \/><\/figure>\n\n\n\n<hr class=\"wp-block-separator has-css-opacity is-style-wide\"\/>\n\n\n\n<h2 class=\"wp-block-heading has-text-align-center\" id=\"veranstaltungen\">Veranstaltungen<\/h2>\n\n\n\n<hr class=\"wp-block-separator has-css-opacity is-style-wide\"\/>\n\n\n\n<p class=\"has-text-align-center has-text-color\" style=\"color:#1105b4;font-size:25px\"><strong>Programm 2025 \/ 2026 <\/strong><\/p>\n\n\n\n<p class=\"has-text-align-center has-text-color\" style=\"color:#1105b4;font-size:20px\"><strong>Zu allen Veranstaltungen ist eine Anmeldung erforderlich!<\/strong><br><br>Bitte grunds\u00e4tzlich <strong>sp\u00e4testens 10 Tage vor den Veranstaltungen<\/strong> bei den Ortsvertreterinnen anmelden. Eine sp\u00e4tere Anmeldung kann aus organisatorischen Gr\u00fcnden nicht mehr angenommen werden.<br><br>Bei Nichtteilnahme an einer Veranstaltung sind die entstandenen Kosten zu tragen. Nach R\u00fccksprache ist es m\u00f6glich eine Ersatzperson f\u00fcr die Veranstaltung zu nennen. <strong>    <\/strong> <br><em>\u00dcber Programm\u00e4nderungen werden wir rechtzeitig hier informieren. Nat\u00fcrlich auch  in der \u00f6rtlichen Zeitung und \u00fcber die Ortsvertreterinnen.<\/em><\/p>\n\n\n\n<figure class=\"wp-block-table\"><table class=\"has-fixed-layout\"><tbody><tr><td><strong>Datum, Uhrzeit<br>Veranstaltungsort<\/strong><\/td><td class=\"has-text-align-center\" data-align=\"center\"><strong>Art der <br>Veranstaltung<\/strong><\/td><td class=\"has-text-align-left\" data-align=\"left\"><strong>Thema<br>Referent (in<\/strong>)<\/td><\/tr><tr><td><br><strong>Donnerstag, 11. Juni 2026 <\/strong><\/td><td class=\"has-text-align-center\" data-align=\"center\"><\/td><td class=\"has-text-align-left\" data-align=\"left\"><strong>Die Seelzer Ortsteile Almhorst und Kirchwehren stellen sich vor<\/strong> &#8211; Besichtigung Kirche Kirchwehren<br>Dorfrundgang durch Almhorst<br><em>Infos beim Vorstand<\/em><\/td><\/tr><tr><td><strong>Mittwoch  17. Juni 2026<\/strong><\/td><td class=\"has-text-align-center\" data-align=\"center\">Halbtagesfahrt<\/td><td class=\"has-text-align-left\" data-align=\"left\"><strong>Landesgartenschau Bad Nenndorf<\/strong> mit F\u00fchrung &#8211;<em> Infos beim Vorstand<\/em><\/td><\/tr><tr><td><br><strong>Samstag, 18. Juli 2026<\/strong><\/td><td class=\"has-text-align-center\" data-align=\"center\"><br>Tagesfahrt<\/td><td class=\"has-text-align-left\" data-align=\"left\"><strong>Domfestspiele Bad Gandersheim<\/strong><br>Geplant ist auch eine kleine Stadtf\u00fchrung mit Einkehr<br><em>Die Fahrt ist bereits ausgebucht<\/em><\/td><\/tr><tr><td><strong>August \/ September 2026<\/strong><\/td><td class=\"has-text-align-center\" data-align=\"center\">Fahrradtour<\/td><td class=\"has-text-align-left\" data-align=\"left\"><strong>Radtour ca. 40 km<\/strong> mit unbekanntem Ziel<\/td><\/tr><tr><td><br><strong>Jeden Donnerstag 17.00 Uhr<br>Turnhalle Gro\u00df Munzel<\/strong><\/td><td class=\"has-text-align-center\" data-align=\"center\"><\/td><td class=\"has-text-align-left\" data-align=\"left\"><br><strong>Gymnastik <\/strong><br>Leiterin Astrid Brinker<\/td><\/tr><\/tbody><\/table><\/figure>\n\n\n\n<p><strong>Interessierte (Nichtmitglieder) sind zu allen Veranstaltungen herzlich willkommen<\/strong> <br>Wir bitten um einen Gastbeitrag von 5,00 \u20ac <br><strong>Bei kurzfristigen Absagen, innerhalb 8 Tagen vor Veranstaltungsbeginn (zB. Theater\/Fahrt) bitte f\u00fcr eine Ersatzperson sorgen, ansonsten sind die angefallenen Kosten zu tragen<\/strong>.<\/p>\n\n\n\n<p>Das&nbsp;<strong>gesamte Programm&nbsp;2025 \/ 2026<\/strong> finden Sie<a href=\"https:\/\/www.kreislandfrauen-hannover.de\/wp-content\/uploads\/2025\/10\/B-gesamtes-Programm-2025-2026.pdf\"> <strong>hier!<\/strong><\/a><\/p>\n\n\n\n<hr class=\"wp-block-separator has-css-opacity is-style-wide\"\/>\n\n\n\n<p class=\"has-text-align-center\"><\/p>\n\n\n\n<p><\/p>\n","protected":false},"excerpt":{"rendered":"<p>Veranstaltungen Programm 2025 \/ 2026 Zu allen Veranstaltungen ist eine Anmeldung erforderlich! Bitte grunds\u00e4tzlich sp\u00e4testens 10 Tage vor den Veranstaltungen bei den Ortsvertreterinnen anmelden. Eine sp\u00e4tere Anmeldung kann aus organisatorischen Gr\u00fcnden nicht mehr angenommen werden. Bei Nichtteilnahme an einer Veranstaltung sind die entstandenen Kosten zu tragen. Nach R\u00fccksprache ist es m\u00f6glich eine Ersatzperson f\u00fcr die [&hellip;]<\/p>\n","protected":false},"author":1,"featured_media":0,"parent":0,"menu_order":0,"comment_status":"closed","ping_status":"closed","template":"","meta":{"advgb_blocks_editor_width":"","advgb_blocks_columns_visual_guide":"","footnotes":""},"class_list":["post-36","page","type-page","status-publish","hentry","entry"],"coauthors":[],"author_meta":{"author_link":"https:\/\/www.kreislandfrauen-hannover.de\/?author=1","display_name":"admin"},"relative_dates":{"created":"Ver\u00f6ffentlicht 7\u00a0Jahren vor","modified":"Aktualisiert 1\u00a0Woche vor"},"absolute_dates":{"created":"Ver\u00f6ffentlicht am 26. September 2019","modified":"Aktualisiert am 16. April 2026"},"absolute_dates_time":{"created":"Ver\u00f6ffentlicht am 26. September 2019 9:17 a.m.","modified":"Aktualisiert am 16. April 2026 7:56 a.m."},"featured_img_caption":"","featured_img":false,"series_order":"","_links":{"self":[{"href":"https:\/\/www.kreislandfrauen-hannover.de\/index.php?rest_route=\/wp\/v2\/pages\/36","targetHints":{"allow":["GET"]}}],"collection":[{"href":"https:\/\/www.kreislandfrauen-hannover.de\/index.php?rest_route=\/wp\/v2\/pages"}],"about":[{"href":"https:\/\/www.kreislandfrauen-hannover.de\/index.php?rest_route=\/wp\/v2\/types\/page"}],"author":[{"embeddable":true,"href":"https:\/\/www.kreislandfrauen-hannover.de\/index.php?rest_route=\/wp\/v2\/users\/1"}],"replies":[{"embeddable":true,"href":"https:\/\/www.kreislandfrauen-hannover.de\/index.php?rest_route=%2Fwp%2Fv2%2Fcomments&post=36"}],"version-history":[{"count":550,"href":"https:\/\/www.kreislandfrauen-hannover.de\/index.php?rest_route=\/wp\/v2\/pages\/36\/revisions"}],"predecessor-version":[{"id":8471,"href":"https:\/\/www.kreislandfrauen-hannover.de\/index.php?rest_route=\/wp\/v2\/pages\/36\/revisions\/8471"}],"wp:attachment":[{"href":"https:\/\/www.kreislandfrauen-hannover.de\/index.php?rest_route=%2Fwp%2Fv2%2Fmedia&parent=36"}],"curies":[{"name":"wp","href":"https:\/\/api.w.org\/{rel}","templated":true}]}}