{"id":34,"date":"2019-09-26T09:17:23","date_gmt":"2019-09-26T09:17:23","guid":{"rendered":"https:\/\/tecwin.de\/cms-wp\/?page_id=34"},"modified":"2026-03-24T20:03:51","modified_gmt":"2026-03-24T19:03:51","slug":"barsinghausen","status":"publish","type":"page","link":"https:\/\/www.kreislandfrauen-hannover.de\/?page_id=34","title":{"rendered":"Barsinghausen"},"content":{"rendered":"<div class=\"wp-block-image\">\n<figure class=\"aligncenter\"><img loading=\"lazy\" decoding=\"async\" width=\"498\" height=\"102\" src=\"https:\/\/www.kreislandfrauen-hannover.de\/wp-content\/uploads\/2019\/09\/b-logo.png\" alt=\"\" class=\"wp-image-538\" srcset=\"https:\/\/www.kreislandfrauen-hannover.de\/wp-content\/uploads\/2019\/09\/b-logo.png 498w, https:\/\/www.kreislandfrauen-hannover.de\/wp-content\/uploads\/2019\/09\/b-logo-300x61.png 300w\" sizes=\"auto, (max-width: 498px) 100vw, 498px\" \/><\/figure>\n<\/div>\n\n\n<hr class=\"wp-block-separator has-css-opacity is-style-wide\"\/>\n\n\n\n<div class=\"wp-block-columns is-layout-flex wp-container-core-columns-is-layout-9d6595d7 wp-block-columns-is-layout-flex\">\n<div class=\"wp-block-column is-layout-flow wp-block-column-is-layout-flow\"><\/div>\n<\/div>\n\n\n\n<div class=\"wp-block-columns is-layout-flex wp-container-core-columns-is-layout-9d6595d7 wp-block-columns-is-layout-flex\">\n<div class=\"wp-block-column is-layout-flow wp-block-column-is-layout-flow\"><div class=\"wp-block-image\">\n<figure class=\"alignright size-full is-resized\"><img loading=\"lazy\" decoding=\"async\" width=\"1170\" height=\"1567\" src=\"https:\/\/www.kreislandfrauen-hannover.de\/wp-content\/uploads\/2026\/03\/2026-B-Fruehling.jpg\" alt=\"\" class=\"wp-image-8351\" style=\"aspect-ratio:0.7500145036839357;width:311px;height:auto\" srcset=\"https:\/\/www.kreislandfrauen-hannover.de\/wp-content\/uploads\/2026\/03\/2026-B-Fruehling.jpg 1170w, https:\/\/www.kreislandfrauen-hannover.de\/wp-content\/uploads\/2026\/03\/2026-B-Fruehling-224x300.jpg 224w, https:\/\/www.kreislandfrauen-hannover.de\/wp-content\/uploads\/2026\/03\/2026-B-Fruehling-765x1024.jpg 765w, https:\/\/www.kreislandfrauen-hannover.de\/wp-content\/uploads\/2026\/03\/2026-B-Fruehling-768x1029.jpg 768w, https:\/\/www.kreislandfrauen-hannover.de\/wp-content\/uploads\/2026\/03\/2026-B-Fruehling-1147x1536.jpg 1147w\" sizes=\"auto, (max-width: 1170px) 100vw, 1170px\" \/><\/figure>\n<\/div><\/div>\n\n\n\n<div class=\"wp-block-column is-layout-flow wp-block-column-is-layout-flow\">\n<p class=\"has-text-align-center has-text-color has-medium-font-size\" style=\"color:#1000a3\"><br><br><br><strong>Herzlich Willkommen <br>beim LandFrauenverein Barsinghausen. <br>Viel Spa\u00df beim St\u00f6bern auf den folgenden Seiten!<\/strong><br><br><br><br><\/p>\n<\/div>\n<\/div>\n\n\n\n<hr class=\"wp-block-separator has-alpha-channel-opacity is-style-wide\"\/>\n\n\n\n<p><\/p>\n\n\n\n<p><\/p>\n\n\n\n<h2 class=\"wp-block-heading\" id=\"wo-finden-sie-uns\"><strong>Wo finden Sie uns?<\/strong><\/h2>\n\n\n\n<p>Barsinghausen liegt am H\u00f6henzug Deister.<br>Die Stadt geh\u00f6rt zur Region Hannover und befindet sich im Calenberger Land.<\/p>\n\n\n\n<div class=\"wp-block-columns has-2-columns is-layout-flex wp-container-core-columns-is-layout-9d6595d7 wp-block-columns-is-layout-flex\">\n<div class=\"wp-block-column is-layout-flow wp-block-column-is-layout-flow\">\n<figure class=\"wp-block-image is-resized\"><img loading=\"lazy\" decoding=\"async\" width=\"225\" height=\"169\" src=\"https:\/\/www.kreislandfrauen-hannover.de\/wp-content\/uploads\/2019\/09\/B-Ortsschild.jpg\" alt=\"\" class=\"wp-image-226\" style=\"width:305px;height:229px\"\/><\/figure>\n<\/div>\n\n\n\n<div class=\"wp-block-column is-layout-flow wp-block-column-is-layout-flow\">\n<figure class=\"wp-block-image is-resized\"><img loading=\"lazy\" decoding=\"async\" width=\"450\" height=\"441\" src=\"https:\/\/www.kreislandfrauen-hannover.de\/wp-content\/uploads\/2019\/09\/B-Karte-Barsinghausen-2.jpg\" alt=\"\" class=\"wp-image-224\" style=\"width:315px;height:309px\" srcset=\"https:\/\/www.kreislandfrauen-hannover.de\/wp-content\/uploads\/2019\/09\/B-Karte-Barsinghausen-2.jpg 450w, https:\/\/www.kreislandfrauen-hannover.de\/wp-content\/uploads\/2019\/09\/B-Karte-Barsinghausen-2-300x294.jpg 300w\" sizes=\"auto, (max-width: 450px) 100vw, 450px\" \/><\/figure>\n<\/div>\n<\/div>\n\n\n\n<h2 class=\"wp-block-heading\" id=\"wo-leben-die-mitglieder-des-landfrauenvereins-barsinghausen\"><strong>Wo leben die Mitglieder des LandFrauenvereins Barsinghausen?<\/strong><\/h2>\n\n\n\n<p>Die ca. 150 Mitglieder wohnen in der Stadt Barsinghausen und den dazugeh\u00f6rigen 17 Ortsteilen. Aber auch aus dem Raum Seelze und Umgebung kommen viele Mitglieder.<\/p>\n\n\n\n<h2 class=\"wp-block-heading\" id=\"was-machen-die-mitglieder-des-landfrauenvereins-barsinghausen\"><strong>Was machen die Mitglieder des LandFrauenvereins Barsinghausen<\/strong><\/h2>\n\n\n\n<p>Sie treffen sich regelm\u00e4\u00dfig in den Monaten September &#8211; April. Auf diesen Versammlungen werden interessante&nbsp;<em>Vortr\u00e4ge zu aktuellen Gesellschafts-, Gesundheits-, Kulturthemen,<\/em>&nbsp;usw. angeboten. Aber \u00fcber das Jahr verteilt finden auch Seminare mit unterschiedlichen Themen, Besichtigungen und Fahrten statt.<\/p>\n\n\n\n<p>Bei allen Aktionen steht aber nat\u00fcrlich auch das gemeinsame Miteinander, der Spa\u00df und die Gemeinschaft im Vordergrund.<br><\/p>\n\n\n\n<h2 class=\"wp-block-heading has-text-align-center\" id=\"vielleicht-ist-ihr-interesse-geweckt-kommen-sie-einfach-mal-an-einem-termin-vorbei\"><strong><em>Vielleicht ist Ihr Interesse geweckt, <\/em><\/strong><br><strong><em>kommen Sie einfach mal an einem Termin vorbei!<\/em><\/strong><\/h2>\n\n\n\n<hr class=\"wp-block-separator has-alpha-channel-opacity is-style-wide\"\/>\n\n\n\n<p class=\"has-text-align-left has-very-light-gray-background-color has-background\">N\u00e4here Informationen zu den Veranstaltungen k\u00f6nnen bei den Vorsitzenden erfragt werden.<br>Das&nbsp;<strong>gesamte<\/strong>&nbsp;<strong>Programm&nbsp;2025\/2026 <\/strong>(zum Download) finden Sie demn\u00e4chst <strong> <a href=\"https:\/\/www.kreislandfrauen-hannover.de\/wp-content\/uploads\/2025\/10\/B-gesamtes-Programm-2025-2026.pdf\">hier<\/a><\/strong><\/p>\n\n\n\n<p><\/p>\n","protected":false},"excerpt":{"rendered":"<p>Herzlich Willkommen beim LandFrauenverein Barsinghausen. Viel Spa\u00df beim St\u00f6bern auf den folgenden Seiten! Wo finden Sie uns? Barsinghausen liegt am H\u00f6henzug Deister.Die Stadt geh\u00f6rt zur Region Hannover und befindet sich im Calenberger Land. Wo leben die Mitglieder des LandFrauenvereins Barsinghausen? Die ca. 150 Mitglieder wohnen in der Stadt Barsinghausen und den dazugeh\u00f6rigen 17 Ortsteilen. Aber [&hellip;]<\/p>\n","protected":false},"author":1,"featured_media":0,"parent":0,"menu_order":0,"comment_status":"closed","ping_status":"closed","template":"","meta":{"advgb_blocks_editor_width":"","advgb_blocks_columns_visual_guide":"","footnotes":""},"class_list":["post-34","page","type-page","status-publish","hentry","entry"],"coauthors":[],"author_meta":{"author_link":"https:\/\/www.kreislandfrauen-hannover.de\/?author=1","display_name":"admin"},"relative_dates":{"created":"Ver\u00f6ffentlicht 7\u00a0Jahren vor","modified":"Aktualisiert 1\u00a0Monat vor"},"absolute_dates":{"created":"Ver\u00f6ffentlicht am 26. September 2019","modified":"Aktualisiert am 24. M\u00e4rz 2026"},"absolute_dates_time":{"created":"Ver\u00f6ffentlicht am 26. September 2019 9:17 a.m.","modified":"Aktualisiert am 24. M\u00e4rz 2026 8:03 p.m."},"featured_img_caption":"","featured_img":false,"series_order":"","_links":{"self":[{"href":"https:\/\/www.kreislandfrauen-hannover.de\/index.php?rest_route=\/wp\/v2\/pages\/34","targetHints":{"allow":["GET"]}}],"collection":[{"href":"https:\/\/www.kreislandfrauen-hannover.de\/index.php?rest_route=\/wp\/v2\/pages"}],"about":[{"href":"https:\/\/www.kreislandfrauen-hannover.de\/index.php?rest_route=\/wp\/v2\/types\/page"}],"author":[{"embeddable":true,"href":"https:\/\/www.kreislandfrauen-hannover.de\/index.php?rest_route=\/wp\/v2\/users\/1"}],"replies":[{"embeddable":true,"href":"https:\/\/www.kreislandfrauen-hannover.de\/index.php?rest_route=%2Fwp%2Fv2%2Fcomments&post=34"}],"version-history":[{"count":541,"href":"https:\/\/www.kreislandfrauen-hannover.de\/index.php?rest_route=\/wp\/v2\/pages\/34\/revisions"}],"predecessor-version":[{"id":8353,"href":"https:\/\/www.kreislandfrauen-hannover.de\/index.php?rest_route=\/wp\/v2\/pages\/34\/revisions\/8353"}],"wp:attachment":[{"href":"https:\/\/www.kreislandfrauen-hannover.de\/index.php?rest_route=%2Fwp%2Fv2%2Fmedia&parent=34"}],"curies":[{"name":"wp","href":"https:\/\/api.w.org\/{rel}","templated":true}]}}