{"id":32,"date":"2019-09-26T09:17:01","date_gmt":"2019-09-26T09:17:01","guid":{"rendered":"https:\/\/tecwin.de\/cms-wp\/?page_id=32"},"modified":"2019-09-27T15:13:01","modified_gmt":"2019-09-27T13:13:01","slug":"kv-ziele","status":"publish","type":"page","link":"https:\/\/www.kreislandfrauen-hannover.de\/?page_id=32","title":{"rendered":"KV Ziele"},"content":{"rendered":"\n<div class=\"wp-block-image\"><figure class=\"aligncenter is-resized\"><img loading=\"lazy\" decoding=\"async\" src=\"https:\/\/www.kreislandfrauen-hannover.de\/wp-content\/uploads\/2019\/09\/KV-motto.jpg.jpg\" alt=\"\" class=\"wp-image-365\" width=\"321\" height=\"81\"\/><\/figure><\/div>\n\n\n\n<p><strong>LandFrauen sind alle Frauen , die im l\u00e4ndlichen\nRaum zuhause sind!<\/strong><\/p>\n\n\n\n<p>Wof\u00fcr stehen LandFrauen?<\/p>\n\n\n\n<p><strong>Gemeinschaft\nerleben&#8230;<\/strong><\/p>\n\n\n\n<p>LandFrauen sind f\u00fcr einander\nda und setzen gemeinsam neue Impulse. Sie genie\u00dfen das Miteinander und sch\u00f6pfen\ndaraus Lebensfreude.<\/p>\n\n\n\n<p><strong>Mehr\nerreichen: gemeinsam T\u00fcren \u00f6ffnen&#8230;<\/strong><\/p>\n\n\n\n<p>LandFrauen sind f\u00fcr\nchancengerechte Lebensbedingungen auf dem Land und in der Stadt, f\u00fcr gleiche\ngesellschaftliche Teilhabe von M\u00e4nnern und Frauen.<\/p>\n\n\n\n<p><strong>Dran\nbleiben: ein Leben lang lernen&#8230;<\/strong><\/p>\n\n\n\n<p>LandFrauen lernen gemeinsam\nund b\u00fcndeln ihr Wissen &#8211; im gr\u00f6\u00dften Bildungsnetzwerk f\u00fcr Frauen.<\/p>\n\n\n\n<p><strong>Frauen\nk\u00f6nnen und wollen mehr&#8230;<\/strong><\/p>\n\n\n\n<p>LandFrauen fordern bessere\nRahmenbedingungen, um Familie, Beruf und Ehrenamt besser vereinbaren zu k\u00f6nnen.<\/p>\n\n\n\n<p><strong>Wissen\nbewahren und weitergeben&#8230;<\/strong><\/p>\n\n\n\n<p>LandFrauen geben ihr Know-how\nzur Alltags- und Lebensf\u00fchrung gern weiter f\u00fcr aufgekl\u00e4rte Verbraucher\/Innen\nvon heute und morgen.<\/p>\n\n\n\n<p><strong>weiblich,\nl\u00e4ndlich , innovativ&#8230;<\/strong><\/p>\n\n\n\n<p>LandFrauen engagieren sich f\u00fcr\nmehr Lebensqualit\u00e4t in ihrem Umfeld. Lebendige Regionen brauchen eine\nnachhaltige und fl\u00e4chendeckende Landwirtschaft.<\/p>\n","protected":false},"excerpt":{"rendered":"<p>LandFrauen sind alle Frauen , die im l\u00e4ndlichen Raum zuhause sind! Wof\u00fcr stehen LandFrauen? Gemeinschaft erleben&#8230; LandFrauen sind f\u00fcr einander da und setzen gemeinsam neue Impulse. Sie genie\u00dfen das Miteinander und sch\u00f6pfen daraus Lebensfreude. Mehr erreichen: gemeinsam T\u00fcren \u00f6ffnen&#8230; LandFrauen sind f\u00fcr chancengerechte Lebensbedingungen auf dem Land und in der Stadt, f\u00fcr gleiche gesellschaftliche Teilhabe [&hellip;]<\/p>\n","protected":false},"author":1,"featured_media":0,"parent":0,"menu_order":0,"comment_status":"closed","ping_status":"closed","template":"","meta":{"advgb_blocks_editor_width":"","advgb_blocks_columns_visual_guide":"","footnotes":""},"class_list":["post-32","page","type-page","status-publish","hentry","entry"],"coauthors":[],"author_meta":{"author_link":"https:\/\/www.kreislandfrauen-hannover.de\/?author=1","display_name":"admin"},"relative_dates":{"created":"Ver\u00f6ffentlicht 7\u00a0Jahren vor","modified":"Aktualisiert 7\u00a0Jahren vor"},"absolute_dates":{"created":"Ver\u00f6ffentlicht am 26. September 2019","modified":"Aktualisiert am 27. September 2019"},"absolute_dates_time":{"created":"Ver\u00f6ffentlicht am 26. September 2019 9:17 a.m.","modified":"Aktualisiert am 27. September 2019 3:13 p.m."},"featured_img_caption":"","featured_img":false,"series_order":"","_links":{"self":[{"href":"https:\/\/www.kreislandfrauen-hannover.de\/index.php?rest_route=\/wp\/v2\/pages\/32","targetHints":{"allow":["GET"]}}],"collection":[{"href":"https:\/\/www.kreislandfrauen-hannover.de\/index.php?rest_route=\/wp\/v2\/pages"}],"about":[{"href":"https:\/\/www.kreislandfrauen-hannover.de\/index.php?rest_route=\/wp\/v2\/types\/page"}],"author":[{"embeddable":true,"href":"https:\/\/www.kreislandfrauen-hannover.de\/index.php?rest_route=\/wp\/v2\/users\/1"}],"replies":[{"embeddable":true,"href":"https:\/\/www.kreislandfrauen-hannover.de\/index.php?rest_route=%2Fwp%2Fv2%2Fcomments&post=32"}],"version-history":[{"count":2,"href":"https:\/\/www.kreislandfrauen-hannover.de\/index.php?rest_route=\/wp\/v2\/pages\/32\/revisions"}],"predecessor-version":[{"id":521,"href":"https:\/\/www.kreislandfrauen-hannover.de\/index.php?rest_route=\/wp\/v2\/pages\/32\/revisions\/521"}],"wp:attachment":[{"href":"https:\/\/www.kreislandfrauen-hannover.de\/index.php?rest_route=%2Fwp%2Fv2%2Fmedia&parent=32"}],"curies":[{"name":"wp","href":"https:\/\/api.w.org\/{rel}","templated":true}]}}