{"id":24,"date":"2019-09-26T09:16:13","date_gmt":"2019-09-26T09:16:13","guid":{"rendered":"https:\/\/tecwin.de\/cms-wp\/?page_id=24"},"modified":"2026-03-24T20:07:17","modified_gmt":"2026-03-24T19:07:17","slug":"kv-veranstaltungen","status":"publish","type":"page","link":"https:\/\/www.kreislandfrauen-hannover.de\/?page_id=24","title":{"rendered":"KV Veranstaltungen"},"content":{"rendered":"\n<h2 class=\"wp-block-heading has-text-align-center\" id=\"veranstaltungen-a4796f8f-8dff-4a5b-a0a7-c393deb223f2\">Veranstaltungen<\/h2>\n\n\n<div class=\"wp-block-image\">\n<figure class=\"aligncenter size-full is-resized\"><img loading=\"lazy\" decoding=\"async\" width=\"275\" height=\"100\" src=\"https:\/\/www.kreislandfrauen-hannover.de\/wp-content\/uploads\/2023\/10\/kv-biene.png\" alt=\"\" class=\"wp-image-6481\" style=\"width:240px;height:undefinedpx\"\/><\/figure>\n<\/div>\n\n\n<hr class=\"wp-block-separator has-css-opacity is-style-wide\"\/>\n\n\n\n<div class=\"wp-block-columns is-layout-flex wp-container-core-columns-is-layout-9d6595d7 wp-block-columns-is-layout-flex\">\n<div class=\"wp-block-column is-layout-flow wp-block-column-is-layout-flow\">\n<p class=\"has-text-color\" style=\"color:#0e744d;font-size:30px\"><br><\/p>\n\n\n\n<figure class=\"wp-block-image size-full\"><img loading=\"lazy\" decoding=\"async\" width=\"784\" height=\"122\" src=\"https:\/\/www.kreislandfrauen-hannover.de\/wp-content\/uploads\/2023\/08\/image-1.png\" alt=\"\" class=\"wp-image-6073\" srcset=\"https:\/\/www.kreislandfrauen-hannover.de\/wp-content\/uploads\/2023\/08\/image-1.png 784w, https:\/\/www.kreislandfrauen-hannover.de\/wp-content\/uploads\/2023\/08\/image-1-300x47.png 300w, https:\/\/www.kreislandfrauen-hannover.de\/wp-content\/uploads\/2023\/08\/image-1-768x120.png 768w\" sizes=\"auto, (max-width: 784px) 100vw, 784px\" \/><\/figure>\n\n\n\n<p><\/p>\n\n\n\n<p class=\"has-text-color has-medium-font-size\" style=\"color:#0e744d;font-size:30px\"><\/p>\n\n\n<div class=\"wp-block-image\">\n<figure class=\"aligncenter size-full is-resized\"><img loading=\"lazy\" decoding=\"async\" width=\"1920\" height=\"2560\" src=\"https:\/\/www.kreislandfrauen-hannover.de\/wp-content\/uploads\/2026\/03\/2026-KV-Fruehling-scaled.jpg\" alt=\"\" class=\"wp-image-8354\" style=\"aspect-ratio:0.7500170334537031;width:307px;height:auto\" srcset=\"https:\/\/www.kreislandfrauen-hannover.de\/wp-content\/uploads\/2026\/03\/2026-KV-Fruehling-scaled.jpg 1920w, https:\/\/www.kreislandfrauen-hannover.de\/wp-content\/uploads\/2026\/03\/2026-KV-Fruehling-225x300.jpg 225w, https:\/\/www.kreislandfrauen-hannover.de\/wp-content\/uploads\/2026\/03\/2026-KV-Fruehling-768x1024.jpg 768w, https:\/\/www.kreislandfrauen-hannover.de\/wp-content\/uploads\/2026\/03\/2026-KV-Fruehling-1152x1536.jpg 1152w, https:\/\/www.kreislandfrauen-hannover.de\/wp-content\/uploads\/2026\/03\/2026-KV-Fruehling-1536x2048.jpg 1536w\" sizes=\"auto, (max-width: 1920px) 100vw, 1920px\" \/><\/figure>\n<\/div>\n\n\n<p class=\"has-text-align-center has-text-color has-medium-font-size\" style=\"color:#03440f;font-size:30px\"><strong>Herzlich Willkommen auf der Homepage <br>der LandFrauenvereine des Kreisverbandes  Hannover <\/strong><\/p>\n<\/div>\n<\/div>\n\n\n\n<hr class=\"wp-block-separator has-alpha-channel-opacity is-style-wide\"\/>\n\n\n\n<p class=\"has-text-align-center has-text-color has-link-color has-medium-font-size wp-elements-176e88193a50c542d088765e39d9ac68\" style=\"color:#0727e3\"><strong>Termine <\/strong><\/p>\n\n\n\n<hr class=\"wp-block-separator has-css-opacity is-style-wide\"\/>\n\n\n<div class=\"wp-block-image\">\n<figure class=\"aligncenter\"><img loading=\"lazy\" decoding=\"async\" width=\"50\" height=\"50\" src=\"https:\/\/www.kreislandfrauen-hannover.de\/wp-content\/uploads\/2019\/11\/leb-partner-e1573202496951.png\" alt=\"\" class=\"wp-image-1184\"\/><\/figure>\n<\/div>\n\n\n<p class=\"has-text-align-center\"><em>Einige Veranstaltungen werden in Zusammenarbeit mit der LEB \u2013 Ihr Bildungspartner veranstaltet.<\/em><br><br><\/p>\n","protected":false},"excerpt":{"rendered":"<p>Veranstaltungen Herzlich Willkommen auf der Homepage der LandFrauenvereine des Kreisverbandes Hannover Termine Einige Veranstaltungen werden in Zusammenarbeit mit der LEB \u2013 Ihr Bildungspartner veranstaltet.<\/p>\n","protected":false},"author":1,"featured_media":0,"parent":0,"menu_order":0,"comment_status":"closed","ping_status":"closed","template":"","meta":{"advgb_blocks_editor_width":"","advgb_blocks_columns_visual_guide":"","footnotes":""},"class_list":["post-24","page","type-page","status-publish","hentry","entry"],"coauthors":[],"author_meta":{"author_link":"https:\/\/www.kreislandfrauen-hannover.de\/?author=1","display_name":"admin"},"relative_dates":{"created":"Ver\u00f6ffentlicht 7\u00a0Jahren vor","modified":"Aktualisiert 1\u00a0Monat vor"},"absolute_dates":{"created":"Ver\u00f6ffentlicht am 26. September 2019","modified":"Aktualisiert am 24. M\u00e4rz 2026"},"absolute_dates_time":{"created":"Ver\u00f6ffentlicht am 26. September 2019 9:16 a.m.","modified":"Aktualisiert am 24. M\u00e4rz 2026 8:07 p.m."},"featured_img_caption":"","featured_img":false,"series_order":"","_links":{"self":[{"href":"https:\/\/www.kreislandfrauen-hannover.de\/index.php?rest_route=\/wp\/v2\/pages\/24","targetHints":{"allow":["GET"]}}],"collection":[{"href":"https:\/\/www.kreislandfrauen-hannover.de\/index.php?rest_route=\/wp\/v2\/pages"}],"about":[{"href":"https:\/\/www.kreislandfrauen-hannover.de\/index.php?rest_route=\/wp\/v2\/types\/page"}],"author":[{"embeddable":true,"href":"https:\/\/www.kreislandfrauen-hannover.de\/index.php?rest_route=\/wp\/v2\/users\/1"}],"replies":[{"embeddable":true,"href":"https:\/\/www.kreislandfrauen-hannover.de\/index.php?rest_route=%2Fwp%2Fv2%2Fcomments&post=24"}],"version-history":[{"count":545,"href":"https:\/\/www.kreislandfrauen-hannover.de\/index.php?rest_route=\/wp\/v2\/pages\/24\/revisions"}],"predecessor-version":[{"id":8356,"href":"https:\/\/www.kreislandfrauen-hannover.de\/index.php?rest_route=\/wp\/v2\/pages\/24\/revisions\/8356"}],"wp:attachment":[{"href":"https:\/\/www.kreislandfrauen-hannover.de\/index.php?rest_route=%2Fwp%2Fv2%2Fmedia&parent=24"}],"curies":[{"name":"wp","href":"https:\/\/api.w.org\/{rel}","templated":true}]}}